{"id":7366,"date":"2021-12-10T13:52:38","date_gmt":"2021-12-10T12:52:38","guid":{"rendered":"https:\/\/masdeslavandes.de\/maison\/"},"modified":"2024-03-05T13:59:45","modified_gmt":"2024-03-05T12:59:45","slug":"maison","status":"publish","type":"page","link":"https:\/\/masdeslavandes.de\/fr\/maison\/","title":{"rendered":"Maison"},"content":{"rendered":"<div class=\"wpb-content-wrapper\"><p>[vc_section full_width=\u00a0\u00bbstretch_row\u00a0\u00bb background_color=\u00a0\u00bbprimary\u00a0\u00bb][vc_row][vc_column][tm_spacer size=\u00a0\u00bblg:130&Prime;][\/vc_column][\/vc_row][\/vc_section][vc_section][vc_row full_width=\u00a0\u00bbstretch_row\u00a0\u00bb separator_type=\u00a0\u00bbcurve\u00a0\u00bb separator_position=\u00a0\u00bbtop\u00a0\u00bb separator_color=\u00a0\u00bbprimary\u00a0\u00bb separator_height=\u00a0\u00bblg:40&Prime;][vc_column][tm_spacer size=\u00a0\u00bblg:80&Prime;][tm_heading tag=\u00a0\u00bbh2&Prime; custom_google_font=\u00a0\u00bb\u00a0\u00bb align=\u00a0\u00bbcenter\u00a0\u00bb text=\u00a0\u00bbMaison de vacances\u00a0\u00bb][tm_spacer size=\u00a0\u00bblg:10&Prime;][tm_separator color=\u00a0\u00bbprimary\u00a0\u00bb align=\u00a0\u00bbcenter\u00a0\u00bb][tm_spacer size=\u00a0\u00bblg:60&Prime;][\/vc_column][\/vc_row][\/vc_section][vc_section full_width=\u00a0\u00bbstretch_row\u00a0\u00bb el_id=\u00a0\u00bbueber\u00a0\u00bb][vc_row full_width=\u00a0\u00bbstretch_row\u00a0\u00bb][vc_column width=\u00a0\u00bb2\/3&Prime;][vc_raw_html]JTVCYWlvdmdfdmlkZW8lMjBtcDQlM0QlMjJodHRwcyUzQSUyRiUyRm1hc2Rlc2xhdmFuZGVzLmRlJTJGd3AtY29udGVudCUyRnVwbG9hZHMlMkYyMDIyJTJGMDYlMkZNYXNfZGVzX0xhdmVuZGVzX0ZlcmllbmhhdXNfRnJhbmtyZWljaF9Qcm92ZW5jZV9Wb3JuZV8xMDgwcC5tcDQlMjIlMjBwb3N0ZXIlM0QlMjJodHRwcyUzQSUyRiUyRm1hc2Rlc2xhdmFuZGVzLmRlJTJGd3AtY29udGVudCUyRnVwbG9hZHMlMkYyMDIyJTJGMDYlMkZNYXNfZGVzX0xhdmVuZGVzX1Bvb2xfODAwXzE2XzlfYi5qcGclMjIlMjBhdXRvcGxheSUzRCUyMjAlMjIlMjBsb29wJTNEJTIyMSUyMiUyMHZvbHVtZSUzRCUyMjAlMjIlNUQ=[\/vc_raw_html][tm_spacer size=\u00a0\u00bbxs:30;lg:80&Prime;][\/vc_column][vc_column width=\u00a0\u00bb1\/3&Prime;][tm_spacer size=\u00a0\u00bblg:17&Prime;][tm_heading tag=\u00a0\u00bbdiv\u00a0\u00bb custom_google_font=\u00a0\u00bb\u00a0\u00bb xs_align=\u00a0\u00bbcenter\u00a0\u00bb text=\u00a0\u00bbLe Mas des lavandes\u00ab\u00a0 peut accueillir 10 personnes sur ses 250 m\u00b2 environ o\u00f9 elles peuvent profiter de la vie, des jeux, des rires et se d\u00e9tendre. Au besoin, nous mettons gratuitement \u00e0 votre disposition une chaise haute et un lit b\u00e9b\u00e9, avec les draps. La maison dispose bien s\u00fbr aussi d&rsquo;une connexion WiFi et autres conforts techniques.\u00a0\u00bb][tm_spacer size=\u00a0\u00bblg:17&Prime;][tm_heading tag=\u00a0\u00bbdiv\u00a0\u00bb custom_google_font=\u00a0\u00bb\u00a0\u00bb xs_align=\u00a0\u00bbcenter\u00a0\u00bb text=\u00a0\u00bbLe jardin de 5.500 m\u00b2 offre de nombreuses possibilit\u00e9s pour chacun, de l&rsquo;aire de jeux pour enfants avec balan\u00e7oire et bac \u00e0 sable au terrain de p\u00e9tanque. La piscine apporte la touche finale \u00e0 ce tr\u00e8s beau jardin proven\u00e7al et offre toujours un peu de fra\u00eecheur. En mi-saison, la piscine est chauff\u00e9e pour le plaisir de tous.\u00a0\u00bb][tm_spacer size=\u00a0\u00bblg:17&Prime;][\/vc_column][\/vc_row][vc_row full_width=\u00a0\u00bbstretch_row\u00a0\u00bb content_placement=\u00a0\u00bbmiddle\u00a0\u00bb][vc_column width=\u00a0\u00bb1\/3&Prime;][tm_heading tag=\u00a0\u00bbdiv\u00a0\u00bb custom_google_font=\u00a0\u00bb\u00a0\u00bb align=\u00a0\u00bbright\u00a0\u00bb xs_align=\u00a0\u00bbcenter\u00a0\u00bb text=\u00a0\u00bbDeux garages spacieux face \u00e0 la maison permettront d&rsquo;abriter vos v\u00e9hicules en toute s\u00e9curit\u00e9 et de les prot\u00e9ger des fortes chaleurs. Pr\u00e8s du garage, vous trouverez une salle de fitness avec plusieurs \u00e9quipements et un baby-foot.\u00a0\u00bb][tm_spacer size=\u00a0\u00bblg:17&Prime;][tm_heading tag=\u00a0\u00bbdiv\u00a0\u00bb custom_google_font=\u00a0\u00bb\u00a0\u00bb align=\u00a0\u00bbright\u00a0\u00bb xs_align=\u00a0\u00bbcenter\u00a0\u00bb text=\u00a0\u00bbSaint Cannat offre, outre les produits de premi\u00e8re n\u00e9cessit\u00e9 tels que la boulangerie et deux supermarch\u00e9s, un magasin de fruits et l\u00e9gumes ainsi que des restaurants sympathiques. Faites un tour \u00e0 la coop\u00e9rative au centre du village, ou un peu plus loin au Ch\u00e2teau Beaupr\u00e9 pour acheter du bon vin.\u00a0\u00bb][tm_spacer size=\u00a0\u00bblg:17&Prime;][tm_heading tag=\u00a0\u00bbdiv\u00a0\u00bb custom_google_font=\u00a0\u00bb\u00a0\u00bb align=\u00a0\u00bbright\u00a0\u00bb xs_align=\u00a0\u00bbcenter\u00a0\u00bb text=\u00a0\u00bbPour les plus sportifs, le village offre la possibilit\u00e9 de jouer au tennis ou de nager dans la piscine ext\u00e9rieure de 25 m\u00e8tres. Un parcours de golf de premi\u00e8re classe se trouve \u00e0 Mallemort, le Club Golf du Pont Royal. Les green fees sont de 93 \u20ac en \u00e9t\u00e9.\u00a0\u00bb][tm_spacer size=\u00a0\u00bblg:17&Prime;][\/vc_column][vc_column width=\u00a0\u00bb2\/3&Prime;][vc_raw_html]JTVCYWlvdmdfdmlkZW8lMjBtcDQlM0QlMjJodHRwcyUzQSUyRiUyRm1hc2Rlc2xhdmFuZGVzLmRlJTJGd3AtY29udGVudCUyRnVwbG9hZHMlMkYyMDIyJTJGMDYlMkZNYXNfZGVzX0xhdmVuZGVzX0ZlcmllbmhhdXNfRnJhbmtyZWljaF9Qcm92ZW5jZV9IaW50ZW5fMTA4MHAubXA0JTIyJTIwcG9zdGVyJTNEJTIyaHR0cHMlM0ElMkYlMkZtYXNkZXNsYXZhbmRlcy5kZSUyRndwLWNvbnRlbnQlMkZ1cGxvYWRzJTJGMjAyMiUyRjA2JTJGTWFzX2Rlc19MYXZlbmRlc19IaW50ZW5fODAwXzE2XzlfYi5qcGclMjIlMjBhdXRvcGxheSUzRCUyMjAlMjIlMjBsb29wJTNEJTIyMSUyMiUyMHZvbHVtZSUzRCUyMjAlMjIlNUQ=[\/vc_raw_html][tm_spacer size=\u00a0\u00bbxs:30&Prime;][\/vc_column][\/vc_row][vc_row full_width=\u00a0\u00bbstretch_row\u00a0\u00bb][vc_column][tm_spacer size=\u00a0\u00bblg:37&Prime;][tm_button button=\u00a0\u00bburl:https%3A%2F%2Fmasdeslavandes.de%2Ffr%2Freservez%2F|title:R%C3%A9servez%20d%C3%A8s%20maintenant%20!\u00a0\u00bb align=\u00a0\u00bbcenter\u00a0\u00bb xs_align=\u00a0\u00bbcenter\u00a0\u00bb][tm_spacer size=\u00a0\u00bblg:17&Prime;][\/vc_column][\/vc_row][vc_row][vc_column][tm_spacer size=\u00a0\u00bblg:50&Prime;][tm_gallery image_size=\u00a0\u00bbcustom\u00a0\u00bb images=\u00a0\u00bb7427,7430,7433,7436,7439,7442,7445,7448,7451,7454,7457,7460,7463,7466,7469,7472,7475,7478,7481,7484,7487,7490,7493,7496,7499,7502,7505,7508,7511,7514,7517,7520,7523,7526,7529,7532,7535,7538,7541,7544,7547,7550,7553,7559,7562,7565,7568,7571,7574,7577,7580,7583,7586,7589,7592,7595,7598,7601,7604,7607,7610,7613,7616,7619,7622,7625,7628,7631,7634,7556&Prime; columns=\u00a0\u00bbxs:1;sm:2;lg:3&Prime; column_gutter=\u00a0\u00bblg:30&Prime; row_gutter=\u00a0\u00bblg:30&Prime; image_size_width=\u00a0\u00bb740&Prime; image_size_height=\u00a0\u00bb500&Prime;][\/vc_column][\/vc_row][vc_row][vc_column][tm_spacer size=\u00a0\u00bblg:60&Prime;][tm_heading tag=\u00a0\u00bbh2&Prime; custom_google_font=\u00a0\u00bb\u00a0\u00bb align=\u00a0\u00bbcenter\u00a0\u00bb text=\u00a0\u00bbLocalisation\u00a0\u00bb][tm_spacer size=\u00a0\u00bblg:60&Prime;][\/vc_column][\/vc_row][vc_row][vc_column width=\u00a0\u00bb1\/2&Prime;][tm_heading tag=\u00a0\u00bbdiv\u00a0\u00bb custom_google_font=\u00a0\u00bb\u00a0\u00bb align=\u00a0\u00bbright\u00a0\u00bb xs_align=\u00a0\u00bbcenter\u00a0\u00bb text=\u00a0\u00bbSaint Cannat tire son nom de Canus Natus, un \u00e9v\u00eaque de Marseille du 5e si\u00e8cle. Au 12\u00e8me si\u00e8cle, l&rsquo;archev\u00eaque Pierre mentionne Castrum Santi &#8211; Cannati dans l&rsquo;un de ses documents. Un si\u00e8cle plus tard, les habitants se sont soulev\u00e9s contre l&rsquo;archev\u00eaque et le baron des Baux et les Templiers se sont install\u00e9s ici \u00e0 la m\u00eame \u00e9poque.\u00a0\u00bb][tm_spacer size=\u00a0\u00bblg:17&Prime;][tm_heading tag=\u00a0\u00bbdiv\u00a0\u00bb custom_google_font=\u00a0\u00bb\u00a0\u00bb align=\u00a0\u00bbright\u00a0\u00bb xs_align=\u00a0\u00bbcenter\u00a0\u00bb text=\u00a0\u00bbSaint Cannat est le mieux accessible en voiture. Venant du nord, quittez l&rsquo;A7 \u00e0 Senas et suivez les routes de campagne pittoresques jusqu&rsquo;\u00e0 Saint Cannat. Du sud, vous passez de l&rsquo;A8 \u00e0 la N296 \u00e0 Aix en Provence.<\/p>\n<p>L&rsquo;a\u00e9roport le plus proche est celui de Marseille, \u00e0 environ 40 minutes de route.<\/p>\n<p>La gare la plus proche est la Gare TGV d&rsquo;Aix en Provence.\u00a0\u00bb][tm_spacer size=\u00a0\u00bblg:17&Prime;][\/vc_column][vc_column width=\u00a0\u00bb1\/2&Prime;][tm_gmaps zoom=\u00a0\u00bb11&Prime; map_type=\u00a0\u00bbterrain\u00a0\u00bb map_style=\u00a0\u00bbapple_paps_esque\u00a0\u00bb markers=\u00a0\u00bb%5B%7B%22address%22%3A%22327%20Chemin%20de%20Berre%2C%2013760%20Saint-Cannat%2C%20France%22%2C%22overlay_style%22%3A%22fixed-info%22%2C%22info%22%3A%22%3Cstrong%3EAdresse%3C%2Fstrong%3E%3Cbr%3E%5Cn%3Cdiv%3E%3Ca%20href%3D%5C%22https%3A%2F%2Fwww.google.de%2Fmaps%2Fplace%2F327%2BChem.%2Bde%2BBerre%2C%2B13760%2BSaint-Cannat%2C%2BFrankreich%2F%4043.6154635%2C5.2923999%2C17z%2Fdata%3D!3m1!4b1!4m5!3m4!1s0x12c9f6940511f359%3A0x44b36b5702caf4d4!8m2!3d43.6154596!4d5.2945886%5C%22%20target%3D%5C%22_blank%5C%22%3E327%20Chemin%20de%20Berre%3Cbr%3E%5Cn13760%20Saint-Cannat%2C%20France%3C%2Fa%3E%3C%2Fdiv%3E%3Cbr%3E%5Cn%3Cdiv%3E%3Cstrong%3EVirginie%20Hunter%20(FR%2C%20DE%2C%20EN)%3C%2Fstrong%3E%3C%2Fa%3E%3C%2Fdiv%3E%5Cn%3Cdiv%3ET%C3%A9l.%20%3A%20%3Ca%20href%3D%5C%22tel%3A%2B33668883182%5C%22%3E%2B33%206%2068%2088%2031%2082%3C%2Fa%3E%3C%2Fdiv%3E%5Cn%3Cdiv%3EE-mail%20%3A%20%3Ca%20href%3D%5C%22mailto%3Ainfo%40masdeslavandes.de%5C%22%3Einfo%40masdeslavandes.de%3C%2Fa%3E%3C%2Fdiv%3E%22%7D%5D\u00a0\u00bb api_key=\u00a0\u00bbAIzaSyDxaqpOaKwmLxvk-UGnaasNld7HEmq3oNc\u00a0\u00bb][\/vc_column][\/vc_row][\/vc_section]<\/p>\n<\/div>","protected":false},"excerpt":{"rendered":"<p>[vc_section full_width=\u00a0\u00bbstretch_row\u00a0\u00bb background_color=\u00a0\u00bbprimary\u00a0\u00bb][vc_row][vc_column][tm_spacer size=\u00a0\u00bblg:130&Prime;][\/vc_column][\/vc_row][\/vc_section][vc_section][vc_row full_width=\u00a0\u00bbstretch_row\u00a0\u00bb separator_type=\u00a0\u00bbcurve\u00a0\u00bb separator_position=\u00a0\u00bbtop\u00a0\u00bb separator_color=\u00a0\u00bbprimary\u00a0\u00bb separator_height=\u00a0\u00bblg:40&Prime;][vc_column][tm_spacer size=\u00a0\u00bblg:80&Prime;][tm_heading tag=\u00a0\u00bbh2&Prime; custom_google_font=\u00a0\u00bb\u00a0\u00bb align=\u00a0\u00bbcenter\u00a0\u00bb text=\u00a0\u00bbMaison de vacances\u00a0\u00bb][tm_spacer size=\u00a0\u00bblg:10&Prime;][tm_separator color=\u00a0\u00bbprimary\u00a0\u00bb align=\u00a0\u00bbcenter\u00a0\u00bb][tm_spacer size=\u00a0\u00bblg:60&Prime;][\/vc_column][\/vc_row][\/vc_section][vc_section full_width=\u00a0\u00bbstretch_row\u00a0\u00bb el_id=\u00a0\u00bbueber\u00a0\u00bb][vc_row full_width=\u00a0\u00bbstretch_row\u00a0\u00bb][vc_column width=\u00a0\u00bb2\/3&Prime;][vc_raw_html]JTVCYWlvdmdfdmlkZW8lMjBtcDQlM0QlMjJodHRwcyUzQSUyRiUyRm1hc2Rlc2xhdmFuZGVzLmRlJTJGd3AtY29udGVudCUyRnVwbG9hZHMlMkYyMDIyJTJGMDYlMkZNYXNfZGVzX0xhdmVuZGVzX0ZlcmllbmhhdXNfRnJhbmtyZWljaF9Qcm92ZW5jZV9Wb3JuZV8xMDgwcC5tcDQlMjIlMjBwb3N0ZXIlM0QlMjJodHRwcyUzQSUyRiUyRm1hc2Rlc2xhdmFuZGVzLmRlJTJGd3AtY29udGVudCUyRnVwbG9hZHMlMkYyMDIyJTJGMDYlMkZNYXNfZGVzX0xhdmVuZGVzX1Bvb2xfODAwXzE2XzlfYi5qcGclMjIlMjBhdXRvcGxheSUzRCUyMjAlMjIlMjBsb29wJTNEJTIyMSUyMiUyMHZvbHVtZSUzRCUyMjAlMjIlNUQ=[\/vc_raw_html][tm_spacer size=\u00a0\u00bbxs:30;lg:80&Prime;][\/vc_column][vc_column width=\u00a0\u00bb1\/3&Prime;][tm_spacer size=\u00a0\u00bblg:17&Prime;][tm_heading tag=\u00a0\u00bbdiv\u00a0\u00bb custom_google_font=\u00a0\u00bb\u00a0\u00bb xs_align=\u00a0\u00bbcenter\u00a0\u00bb text=\u00a0\u00bbLe Mas des lavandes\u00ab\u00a0 peut accueillir 10 personnes sur ses 250 m\u00b2 environ o\u00f9 elles peuvent profiter de la vie, des jeux, des rires et se d\u00e9tendre. Au besoin, nous mettons gratuitement \u00e0 votre disposition une chaise haute et un lit b\u00e9b\u00e9, avec les draps. La maison dispose bien s\u00fbr aussi d&rsquo;une connexion WiFi et autres conforts techniques.\u00a0\u00bb][tm_spacer size=\u00a0\u00bblg:17&Prime;][tm_heading tag=\u00a0\u00bbdiv\u00a0\u00bb custom_google_font=\u00a0\u00bb\u00a0\u00bb xs_align=\u00a0\u00bbcenter\u00a0\u00bb text=\u00a0\u00bbLe jardin de 5.500 m\u00b2 offre de nombreuses possibilit\u00e9s pour chacun, de l&rsquo;aire de jeux pour enfants avec balan\u00e7oire et bac \u00e0 sable au terrain de p\u00e9tanque. La piscine apporte la touche finale \u00e0 ce tr\u00e8s beau jardin proven\u00e7al et offre toujours un peu de fra\u00eecheur. En mi-saison, la piscine est chauff\u00e9e pour le plaisir de tous.\u00a0\u00bb][tm_spacer size=\u00a0\u00bblg:17&Prime;][\/vc_column][\/vc_row][vc_row full_width=\u00a0\u00bbstretch_row\u00a0\u00bb content_placement=\u00a0\u00bbmiddle\u00a0\u00bb][vc_column width=\u00a0\u00bb1\/3&Prime;][tm_heading tag=\u00a0\u00bbdiv\u00a0\u00bb custom_google_font=\u00a0\u00bb\u00a0\u00bb align=\u00a0\u00bbright\u00a0\u00bb xs_align=\u00a0\u00bbcenter\u00a0\u00bb text=\u00a0\u00bbDeux garages spacieux face \u00e0 la maison permettront d&rsquo;abriter vos v\u00e9hicules en toute s\u00e9curit\u00e9 et de les prot\u00e9ger des fortes chaleurs. Pr\u00e8s du garage, vous trouverez une salle de fitness avec plusieurs \u00e9quipements et un baby-foot.\u00a0\u00bb][tm_spacer size=\u00a0\u00bblg:17&Prime;][tm_heading tag=\u00a0\u00bbdiv\u00a0\u00bb custom_google_font=\u00a0\u00bb\u00a0\u00bb align=\u00a0\u00bbright\u00a0\u00bb xs_align=\u00a0\u00bbcenter\u00a0\u00bb text=\u00a0\u00bbSaint Cannat offre, outre les produits de premi\u00e8re n\u00e9cessit\u00e9 tels que la boulangerie et deux supermarch\u00e9s, un magasin de fruits et l\u00e9gumes ainsi que des restaurants sympathiques. Faites un tour \u00e0 la coop\u00e9rative au centre du village, ou un peu plus loin au Ch\u00e2teau Beaupr\u00e9 pour acheter du bon vin.\u00a0\u00bb][tm_spacer size=\u00a0\u00bblg:17&Prime;][tm_heading tag=\u00a0\u00bbdiv\u00a0\u00bb custom_google_font=\u00a0\u00bb\u00a0\u00bb align=\u00a0\u00bbright\u00a0\u00bb xs_align=\u00a0\u00bbcenter\u00a0\u00bb text=\u00a0\u00bbPour les plus sportifs, le village offre la possibilit\u00e9 de jouer au tennis ou de nager dans la piscine ext\u00e9rieure de 25 m\u00e8tres. Un parcours de golf de premi\u00e8re classe se trouve \u00e0 Mallemort, le Club Golf du Pont Royal. Les green fees sont de 93 \u20ac en \u00e9t\u00e9.\u00a0\u00bb][tm_spacer size=\u00a0\u00bblg:17&Prime;][\/vc_column][vc_column width=\u00a0\u00bb2\/3&Prime;][vc_raw_html]JTVCYWlvdmdfdmlkZW8lMjBtcDQlM0QlMjJodHRwcyUzQSUyRiUyRm1hc2Rlc2xhdmFuZGVzLmRlJTJGd3AtY29udGVudCUyRnVwbG9hZHMlMkYyMDIyJTJGMDYlMkZNYXNfZGVzX0xhdmVuZGVzX0ZlcmllbmhhdXNfRnJhbmtyZWljaF9Qcm92ZW5jZV9IaW50ZW5fMTA4MHAubXA0JTIyJTIwcG9zdGVyJTNEJTIyaHR0cHMlM0ElMkYlMkZtYXNkZXNsYXZhbmRlcy5kZSUyRndwLWNvbnRlbnQlMkZ1cGxvYWRzJTJGMjAyMiUyRjA2JTJGTWFzX2Rlc19MYXZlbmRlc19IaW50ZW5fODAwXzE2XzlfYi5qcGclMjIlMjBhdXRvcGxheSUzRCUyMjAlMjIlMjBsb29wJTNEJTIyMSUyMiUyMHZvbHVtZSUzRCUyMjAlMjIlNUQ=[\/vc_raw_html][tm_spacer size=\u00a0\u00bbxs:30&Prime;][\/vc_column][\/vc_row][vc_row full_width=\u00a0\u00bbstretch_row\u00a0\u00bb][vc_column][tm_spacer size=\u00a0\u00bblg:37&Prime;][tm_button button=\u00a0\u00bburl:https%3A%2F%2Fmasdeslavandes.de%2Ffr%2Freservez%2F|title:R%C3%A9servez%20d%C3%A8s%20maintenant%20!\u00a0\u00bb align=\u00a0\u00bbcenter\u00a0\u00bb xs_align=\u00a0\u00bbcenter\u00a0\u00bb][tm_spacer size=\u00a0\u00bblg:17&Prime;][\/vc_column][\/vc_row][vc_row][vc_column][tm_spacer size=\u00a0\u00bblg:50&Prime;][tm_gallery image_size=\u00a0\u00bbcustom\u00a0\u00bb images=\u00a0\u00bb7427,7430,7433,7436,7439,7442,7445,7448,7451,7454,7457,7460,7463,7466,7469,7472,7475,7478,7481,7484,7487,7490,7493,7496,7499,7502,7505,7508,7511,7514,7517,7520,7523,7526,7529,7532,7535,7538,7541,7544,7547,7550,7553,7559,7562,7565,7568,7571,7574,7577,7580,7583,7586,7589,7592,7595,7598,7601,7604,7607,7610,7613,7616,7619,7622,7625,7628,7631,7634,7556&Prime; columns=\u00a0\u00bbxs:1;sm:2;lg:3&Prime; column_gutter=\u00a0\u00bblg:30&Prime; row_gutter=\u00a0\u00bblg:30&Prime; image_size_width=\u00a0\u00bb740&Prime; image_size_height=\u00a0\u00bb500&Prime;][\/vc_column][\/vc_row][vc_row][vc_column][tm_spacer size=\u00a0\u00bblg:60&Prime;][tm_heading tag=\u00a0\u00bbh2&Prime; custom_google_font=\u00a0\u00bb\u00a0\u00bb align=\u00a0\u00bbcenter\u00a0\u00bb text=\u00a0\u00bbLocalisation\u00a0\u00bb][tm_spacer size=\u00a0\u00bblg:60&Prime;][\/vc_column][\/vc_row][vc_row][vc_column width=\u00a0\u00bb1\/2&Prime;][tm_heading tag=\u00a0\u00bbdiv\u00a0\u00bb custom_google_font=\u00a0\u00bb\u00a0\u00bb align=\u00a0\u00bbright\u00a0\u00bb xs_align=\u00a0\u00bbcenter\u00a0\u00bb text=\u00a0\u00bbSaint Cannat tire son nom de Canus Natus, un \u00e9v\u00eaque de Marseille du 5e si\u00e8cle. Au 12\u00e8me si\u00e8cle, l&rsquo;archev\u00eaque Pierre mentionne Castrum Santi &#8211; Cannati dans l&rsquo;un de ses documents. Un si\u00e8cle plus tard, les habitants se sont soulev\u00e9s contre l&rsquo;archev\u00eaque et le baron des Baux et les Templiers se sont install\u00e9s ici \u00e0 la m\u00eame \u00e9poque.\u00a0\u00bb][tm_spacer size=\u00a0\u00bblg:17&Prime;][tm_heading tag=\u00a0\u00bbdiv\u00a0\u00bb custom_google_font=\u00a0\u00bb\u00a0\u00bb align=\u00a0\u00bbright\u00a0\u00bb xs_align=\u00a0\u00bbcenter\u00a0\u00bb text=\u00a0\u00bbSaint Cannat est le mieux accessible en voiture. Venant du nord, quittez l&rsquo;A7 \u00e0 Senas et suivez les routes de campagne pittoresques jusqu&rsquo;\u00e0 Saint Cannat. Du sud, vous passez de l&rsquo;A8 \u00e0 la N296 \u00e0 Aix en Provence. L&rsquo;a\u00e9roport le plus proche est celui de Marseille, \u00e0 environ 40 minutes de route. La gare la plus proche est la Gare TGV d&rsquo;Aix en Provence.\u00a0\u00bb][tm_spacer size=\u00a0\u00bblg:17&Prime;][\/vc_column][vc_column width=\u00a0\u00bb1\/2&Prime;][tm_gmaps zoom=\u00a0\u00bb11&Prime; map_type=\u00a0\u00bbterrain\u00a0\u00bb map_style=\u00a0\u00bbapple_paps_esque\u00a0\u00bb markers=\u00a0\u00bb%5B%7B%22address%22%3A%22327%20Chemin%20de%20Berre%2C%2013760%20Saint-Cannat%2C%20France%22%2C%22overlay_style%22%3A%22fixed-info%22%2C%22info%22%3A%22%3Cstrong%3EAdresse%3C%2Fstrong%3E%3Cbr%3E%5Cn%3Cdiv%3E%3Ca%20href%3D%5C%22https%3A%2F%2Fwww.google.de%2Fmaps%2Fplace%2F327%2BChem.%2Bde%2BBerre%2C%2B13760%2BSaint-Cannat%2C%2BFrankreich%2F%4043.6154635%2C5.2923999%2C17z%2Fdata%3D!3m1!4b1!4m5!3m4!1s0x12c9f6940511f359%3A0x44b36b5702caf4d4!8m2!3d43.6154596!4d5.2945886%5C%22%20target%3D%5C%22_blank%5C%22%3E327%20Chemin%20de%20Berre%3Cbr%3E%5Cn13760%20Saint-Cannat%2C%20France%3C%2Fa%3E%3C%2Fdiv%3E%3Cbr%3E%5Cn%3Cdiv%3E%3Cstrong%3EVirginie%20Hunter%20(FR%2C%20DE%2C%20EN)%3C%2Fstrong%3E%3C%2Fa%3E%3C%2Fdiv%3E%5Cn%3Cdiv%3ET%C3%A9l.%20%3A%20%3Ca%20href%3D%5C%22tel%3A%2B33668883182%5C%22%3E%2B33%206%2068%2088%2031%2082%3C%2Fa%3E%3C%2Fdiv%3E%5Cn%3Cdiv%3EE-mail%20%3A%20%3Ca%20href%3D%5C%22mailto%3Ainfo%40masdeslavandes.de%5C%22%3Einfo%40masdeslavandes.de%3C%2Fa%3E%3C%2Fdiv%3E%22%7D%5D\u00a0\u00bb api_key=\u00a0\u00bbAIzaSyDxaqpOaKwmLxvk-UGnaasNld7HEmq3oNc\u00a0\u00bb][\/vc_column][\/vc_row][\/vc_section]<\/p>\n","protected":false},"author":1,"featured_media":0,"parent":0,"menu_order":0,"comment_status":"closed","ping_status":"closed","template":"","meta":{"footnotes":""},"class_list":["post-7366","page","type-page","status-publish","hentry","post-no-thumbnail"],"yoast_head":"<!-- This site is optimized with the Yoast SEO plugin v27.3 - https:\/\/yoast.com\/product\/yoast-seo-wordpress\/ -->\n<title>Mas des lavandes - Maison<\/title>\n<meta name=\"description\" content=\"Notre villa situ\u00e9e en Provence fran\u00e7aise offre calme et repos. Profitez d&#039;un verre de vin au bord de la piscine ou fl\u00e2nez dans les magnifiques environs. R\u00e9servez maintenant !\" \/>\n<meta name=\"robots\" content=\"index, follow, max-snippet:-1, max-image-preview:large, max-video-preview:-1\" \/>\n<link rel=\"canonical\" href=\"https:\/\/masdeslavandes.de\/fr\/maison\/\" \/>\n<meta property=\"og:locale\" content=\"fr_FR\" \/>\n<meta property=\"og:type\" content=\"article\" \/>\n<meta property=\"og:title\" content=\"Mas des lavandes - Maison\" \/>\n<meta property=\"og:description\" content=\"Notre villa situ\u00e9e en Provence fran\u00e7aise offre calme et repos. Profitez d&#039;un verre de vin au bord de la piscine ou fl\u00e2nez dans les magnifiques environs. R\u00e9servez maintenant !\" \/>\n<meta property=\"og:url\" content=\"https:\/\/masdeslavandes.de\/fr\/maison\/\" \/>\n<meta property=\"og:site_name\" content=\"Mas des lavandes\" \/>\n<meta property=\"article:modified_time\" content=\"2024-03-05T12:59:45+00:00\" \/>\n<meta name=\"twitter:card\" content=\"summary_large_image\" \/>\n<meta name=\"twitter:label1\" content=\"Dur\u00e9e de lecture estim\u00e9e\" \/>\n\t<meta name=\"twitter:data1\" content=\"3 minutes\" \/>\n<script type=\"application\/ld+json\" class=\"yoast-schema-graph\">{\"@context\":\"https:\\\/\\\/schema.org\",\"@graph\":[{\"@type\":\"WebPage\",\"@id\":\"https:\\\/\\\/masdeslavandes.de\\\/fr\\\/maison\\\/\",\"url\":\"https:\\\/\\\/masdeslavandes.de\\\/fr\\\/maison\\\/\",\"name\":\"Mas des lavandes - Maison\",\"isPartOf\":{\"@id\":\"https:\\\/\\\/masdeslavandes.de\\\/fr\\\/#website\"},\"datePublished\":\"2021-12-10T12:52:38+00:00\",\"dateModified\":\"2024-03-05T12:59:45+00:00\",\"description\":\"Notre villa situ\u00e9e en Provence fran\u00e7aise offre calme et repos. Profitez d'un verre de vin au bord de la piscine ou fl\u00e2nez dans les magnifiques environs. R\u00e9servez maintenant !\",\"breadcrumb\":{\"@id\":\"https:\\\/\\\/masdeslavandes.de\\\/fr\\\/maison\\\/#breadcrumb\"},\"inLanguage\":\"fr-FR\",\"potentialAction\":[{\"@type\":\"ReadAction\",\"target\":[\"https:\\\/\\\/masdeslavandes.de\\\/fr\\\/maison\\\/\"]}]},{\"@type\":\"BreadcrumbList\",\"@id\":\"https:\\\/\\\/masdeslavandes.de\\\/fr\\\/maison\\\/#breadcrumb\",\"itemListElement\":[{\"@type\":\"ListItem\",\"position\":1,\"name\":\"Startseite\",\"item\":\"https:\\\/\\\/masdeslavandes.de\\\/fr\\\/\"},{\"@type\":\"ListItem\",\"position\":2,\"name\":\"Maison\"}]},{\"@type\":\"WebSite\",\"@id\":\"https:\\\/\\\/masdeslavandes.de\\\/fr\\\/#website\",\"url\":\"https:\\\/\\\/masdeslavandes.de\\\/fr\\\/\",\"name\":\"Mas des lavandes\",\"description\":\"Vacances en Provence fran\u00e7aise\",\"publisher\":{\"@id\":\"https:\\\/\\\/masdeslavandes.de\\\/fr\\\/#organization\"},\"potentialAction\":[{\"@type\":\"SearchAction\",\"target\":{\"@type\":\"EntryPoint\",\"urlTemplate\":\"https:\\\/\\\/masdeslavandes.de\\\/fr\\\/?s={search_term_string}\"},\"query-input\":{\"@type\":\"PropertyValueSpecification\",\"valueRequired\":true,\"valueName\":\"search_term_string\"}}],\"inLanguage\":\"fr-FR\"},{\"@type\":\"Organization\",\"@id\":\"https:\\\/\\\/masdeslavandes.de\\\/fr\\\/#organization\",\"name\":\"Ferienhaus Maison de cerisier\",\"url\":\"https:\\\/\\\/masdeslavandes.de\\\/fr\\\/\",\"logo\":{\"@type\":\"ImageObject\",\"inLanguage\":\"fr-FR\",\"@id\":\"https:\\\/\\\/masdeslavandes.de\\\/fr\\\/#\\\/schema\\\/logo\\\/image\\\/\",\"url\":\"https:\\\/\\\/masdeslavandes.de\\\/wp-content\\\/uploads\\\/2022\\\/07\\\/Logo_Mas_des_Lavendel_dark.png\",\"contentUrl\":\"https:\\\/\\\/masdeslavandes.de\\\/wp-content\\\/uploads\\\/2022\\\/07\\\/Logo_Mas_des_Lavendel_dark.png\",\"width\":544,\"height\":200,\"caption\":\"Ferienhaus Maison de cerisier\"},\"image\":{\"@id\":\"https:\\\/\\\/masdeslavandes.de\\\/fr\\\/#\\\/schema\\\/logo\\\/image\\\/\"}}]}<\/script>\n<!-- \/ Yoast SEO plugin. -->","yoast_head_json":{"title":"Mas des lavandes - Maison","description":"Notre villa situ\u00e9e en Provence fran\u00e7aise offre calme et repos. Profitez d'un verre de vin au bord de la piscine ou fl\u00e2nez dans les magnifiques environs. R\u00e9servez maintenant !","robots":{"index":"index","follow":"follow","max-snippet":"max-snippet:-1","max-image-preview":"max-image-preview:large","max-video-preview":"max-video-preview:-1"},"canonical":"https:\/\/masdeslavandes.de\/fr\/maison\/","og_locale":"fr_FR","og_type":"article","og_title":"Mas des lavandes - Maison","og_description":"Notre villa situ\u00e9e en Provence fran\u00e7aise offre calme et repos. Profitez d'un verre de vin au bord de la piscine ou fl\u00e2nez dans les magnifiques environs. R\u00e9servez maintenant !","og_url":"https:\/\/masdeslavandes.de\/fr\/maison\/","og_site_name":"Mas des lavandes","article_modified_time":"2024-03-05T12:59:45+00:00","twitter_card":"summary_large_image","twitter_misc":{"Dur\u00e9e de lecture estim\u00e9e":"3 minutes"},"schema":{"@context":"https:\/\/schema.org","@graph":[{"@type":"WebPage","@id":"https:\/\/masdeslavandes.de\/fr\/maison\/","url":"https:\/\/masdeslavandes.de\/fr\/maison\/","name":"Mas des lavandes - Maison","isPartOf":{"@id":"https:\/\/masdeslavandes.de\/fr\/#website"},"datePublished":"2021-12-10T12:52:38+00:00","dateModified":"2024-03-05T12:59:45+00:00","description":"Notre villa situ\u00e9e en Provence fran\u00e7aise offre calme et repos. Profitez d'un verre de vin au bord de la piscine ou fl\u00e2nez dans les magnifiques environs. R\u00e9servez maintenant !","breadcrumb":{"@id":"https:\/\/masdeslavandes.de\/fr\/maison\/#breadcrumb"},"inLanguage":"fr-FR","potentialAction":[{"@type":"ReadAction","target":["https:\/\/masdeslavandes.de\/fr\/maison\/"]}]},{"@type":"BreadcrumbList","@id":"https:\/\/masdeslavandes.de\/fr\/maison\/#breadcrumb","itemListElement":[{"@type":"ListItem","position":1,"name":"Startseite","item":"https:\/\/masdeslavandes.de\/fr\/"},{"@type":"ListItem","position":2,"name":"Maison"}]},{"@type":"WebSite","@id":"https:\/\/masdeslavandes.de\/fr\/#website","url":"https:\/\/masdeslavandes.de\/fr\/","name":"Mas des lavandes","description":"Vacances en Provence fran\u00e7aise","publisher":{"@id":"https:\/\/masdeslavandes.de\/fr\/#organization"},"potentialAction":[{"@type":"SearchAction","target":{"@type":"EntryPoint","urlTemplate":"https:\/\/masdeslavandes.de\/fr\/?s={search_term_string}"},"query-input":{"@type":"PropertyValueSpecification","valueRequired":true,"valueName":"search_term_string"}}],"inLanguage":"fr-FR"},{"@type":"Organization","@id":"https:\/\/masdeslavandes.de\/fr\/#organization","name":"Ferienhaus Maison de cerisier","url":"https:\/\/masdeslavandes.de\/fr\/","logo":{"@type":"ImageObject","inLanguage":"fr-FR","@id":"https:\/\/masdeslavandes.de\/fr\/#\/schema\/logo\/image\/","url":"https:\/\/masdeslavandes.de\/wp-content\/uploads\/2022\/07\/Logo_Mas_des_Lavendel_dark.png","contentUrl":"https:\/\/masdeslavandes.de\/wp-content\/uploads\/2022\/07\/Logo_Mas_des_Lavendel_dark.png","width":544,"height":200,"caption":"Ferienhaus Maison de cerisier"},"image":{"@id":"https:\/\/masdeslavandes.de\/fr\/#\/schema\/logo\/image\/"}}]}},"_links":{"self":[{"href":"https:\/\/masdeslavandes.de\/fr\/wp-json\/wp\/v2\/pages\/7366","targetHints":{"allow":["GET"]}}],"collection":[{"href":"https:\/\/masdeslavandes.de\/fr\/wp-json\/wp\/v2\/pages"}],"about":[{"href":"https:\/\/masdeslavandes.de\/fr\/wp-json\/wp\/v2\/types\/page"}],"author":[{"embeddable":true,"href":"https:\/\/masdeslavandes.de\/fr\/wp-json\/wp\/v2\/users\/1"}],"replies":[{"embeddable":true,"href":"https:\/\/masdeslavandes.de\/fr\/wp-json\/wp\/v2\/comments?post=7366"}],"version-history":[{"count":9,"href":"https:\/\/masdeslavandes.de\/fr\/wp-json\/wp\/v2\/pages\/7366\/revisions"}],"predecessor-version":[{"id":7672,"href":"https:\/\/masdeslavandes.de\/fr\/wp-json\/wp\/v2\/pages\/7366\/revisions\/7672"}],"wp:attachment":[{"href":"https:\/\/masdeslavandes.de\/fr\/wp-json\/wp\/v2\/media?parent=7366"}],"curies":[{"name":"wp","href":"https:\/\/api.w.org\/{rel}","templated":true}]}}