{"id":7363,"date":"2022-05-30T16:16:38","date_gmt":"2022-05-30T14:16:38","guid":{"rendered":"https:\/\/masdeslavandes.de\/la-provence\/"},"modified":"2023-01-11T19:00:32","modified_gmt":"2023-01-11T18:00:32","slug":"la-provence","status":"publish","type":"page","link":"https:\/\/masdeslavandes.de\/fr\/la-provence\/","title":{"rendered":"La Provence"},"content":{"rendered":"<div class=\"wpb-content-wrapper\"><p>[vc_section full_width=\u00a0\u00bbstretch_row\u00a0\u00bb background_color=\u00a0\u00bbprimary\u00a0\u00bb][vc_row][vc_column][tm_spacer size=\u00a0\u00bblg:130&Prime;][\/vc_column][\/vc_row][\/vc_section][vc_section][vc_row full_width=\u00a0\u00bbstretch_row\u00a0\u00bb separator_type=\u00a0\u00bbcurve\u00a0\u00bb separator_position=\u00a0\u00bbtop\u00a0\u00bb separator_color=\u00a0\u00bbprimary\u00a0\u00bb separator_height=\u00a0\u00bblg:40&Prime;][vc_column][tm_spacer size=\u00a0\u00bblg:80&Prime;][tm_heading tag=\u00a0\u00bbh2&Prime; custom_google_font=\u00a0\u00bb\u00a0\u00bb align=\u00a0\u00bbcenter\u00a0\u00bb text=\u00a0\u00bbLa Provence\u00a0\u00bb][tm_spacer size=\u00a0\u00bblg:10&Prime;][tm_separator color=\u00a0\u00bbprimary\u00a0\u00bb align=\u00a0\u00bbcenter\u00a0\u00bb][\/vc_column][\/vc_row][\/vc_section][vc_section full_width=\u00a0\u00bbstretch_row\u00a0\u00bb el_id=\u00a0\u00bbueber\u00a0\u00bb][vc_row][vc_column][tm_spacer size=\u00a0\u00bblg:60&Prime;][\/vc_column][\/vc_row][vc_row][vc_column width=\u00a0\u00bb2\/5&Prime; offset=\u00a0\u00bbvc_hidden-xs\u00a0\u00bb][tm_spacer size=\u00a0\u00bblg:25&Prime;][tm_heading custom_google_font=\u00a0\u00bb\u00a0\u00bb align=\u00a0\u00bbright\u00a0\u00bb xs_align=\u00a0\u00bbcenter\u00a0\u00bb text=\u00a0\u00bbLe charme du sud de la France\u00a0\u00bb][tm_spacer size=\u00a0\u00bblg:25&Prime;][tm_heading tag=\u00a0\u00bbdiv\u00a0\u00bb custom_google_font=\u00a0\u00bb\u00a0\u00bb align=\u00a0\u00bbright\u00a0\u00bb xs_align=\u00a0\u00bbcenter\u00a0\u00bb text=\u00a0\u00bbQuiconque pense \u00e0 la Provence pense sans doute d&rsquo;abord aux champs de lavande d&rsquo;une luminosit\u00e9 \u00e0 couper le souffle, v\u00e9ritables symboles de la r\u00e9gion m\u00e9tropolitaine du sud de la France. Ils constituent un paysage magnifique, au m\u00eame titre que les villages authentiques, les vieilles villes chics, le Mont Ventoux, la zone humide de la Camargue et la Crau rocailleuse, sans oublier la Riviera fran\u00e7aise, appel\u00e9e C\u00f4te d&rsquo;Azur dans les pays germanophones.\u00a0\u00bb][tm_spacer size=\u00a0\u00bblg:17&Prime;][tm_heading tag=\u00a0\u00bbdiv\u00a0\u00bb custom_google_font=\u00a0\u00bb\u00a0\u00bb align=\u00a0\u00bbright\u00a0\u00bb xs_align=\u00a0\u00bbcenter\u00a0\u00bb text=\u00a0\u00bbMais la Provence a bien plus \u00e0 offrir qu&rsquo;un paysage culturel pittoresque qui, au fil des d\u00e9cennies, a inspir\u00e9 les \u0153uvres de nombreux artistes. Par exemple, le c\u00e9l\u00e8bre Vincent van Gogh a peint de nombreux tableaux avec des motifs proven\u00e7aux.\u00a0\u00bb][tm_spacer size=\u00a0\u00bblg:17&Prime;][\/vc_column][vc_column width=\u00a0\u00bb3\/5&Prime; offset=\u00a0\u00bbvc_hidden-xs\u00a0\u00bb][tm_slider_gallery style=\u00a0\u00bbcarousel-centered\u00a0\u00bb image_size=\u00a0\u00bbfull\u00a0\u00bb gutter=\u00a0\u00bb30&Prime; images=\u00a0\u00bb6918,6919&Prime; auto_play=\u00a0\u00bb3000&Prime; items_display=\u00a0\u00bbxs:1;sm:1;md:1;lg:1&Prime;][\/vc_column][\/vc_row][vc_row][vc_column offset=\u00a0\u00bbvc_hidden-xs\u00a0\u00bb][tm_spacer size=\u00a0\u00bblg:40&Prime;][tm_heading tag=\u00a0\u00bbdiv\u00a0\u00bb custom_google_font=\u00a0\u00bb\u00a0\u00bb align=\u00a0\u00bbcenter\u00a0\u00bb xs_align=\u00a0\u00bbcenter\u00a0\u00bb text=\u00a0\u00bbCependant, les peintres ne sont pas les seuls \u00e0 \u00eatre attir\u00e9s par le sud de la France. Bon nombre de musiciens y donnent r\u00e9guli\u00e8rement des concerts lors de festivals ou autres occasions. Le tourisme en Provence est tr\u00e8s d\u00e9velopp\u00e9 et diversifi\u00e9, et il n&rsquo;est pas difficile de trouver une destination qui vous convienne dans cette magnifique r\u00e9gion. Marseille et Nice ne sont pas forc\u00e9ment les destinations les plus pris\u00e9es.\u00a0\u00bb][\/vc_column][\/vc_row][vc_row][vc_column offset=\u00a0\u00bbvc_hidden-lg vc_hidden-md vc_hidden-sm\u00a0\u00bb][tm_heading custom_google_font=\u00a0\u00bb\u00a0\u00bb align=\u00a0\u00bbright\u00a0\u00bb xs_align=\u00a0\u00bbcenter\u00a0\u00bb text=\u00a0\u00bbLe charme du sud de la France\u00a0\u00bb][tm_spacer size=\u00a0\u00bblg:25&Prime;][tm_slider_gallery style=\u00a0\u00bbcarousel-centered\u00a0\u00bb gutter=\u00a0\u00bb30&Prime; images=\u00a0\u00bb6918,6919,6920,6921&Prime; carousel_height=\u00a0\u00bbxs:320;md:440;lg:678&Prime; items_display=\u00a0\u00bbxs:1;sm:2;md:3;lg:3&Prime; auto_play=\u00a0\u00bb3000&Prime;][tm_spacer size=\u00a0\u00bblg:25&Prime;][tm_heading tag=\u00a0\u00bbdiv\u00a0\u00bb custom_google_font=\u00a0\u00bb\u00a0\u00bb align=\u00a0\u00bbright\u00a0\u00bb xs_align=\u00a0\u00bbcenter\u00a0\u00bb text=\u00a0\u00bbQuiconque pense \u00e0 la Provence pense sans doute d&rsquo;abord aux champs de lavande d&rsquo;une luminosit\u00e9 \u00e0 couper le souffle, v\u00e9ritables symboles de la r\u00e9gion m\u00e9tropolitaine du sud de la France. Ils constituent un paysage magnifique, au m\u00eame titre que les villages authentiques, les vieilles villes chics, le Mont Ventoux, la zone humide de la Camargue et la Crau rocailleuse, sans oublier la Riviera fran\u00e7aise, appel\u00e9e C\u00f4te d&rsquo;Azur dans les pays germanophones.\u00a0\u00bb][tm_spacer size=\u00a0\u00bblg:17&Prime;][tm_heading tag=\u00a0\u00bbdiv\u00a0\u00bb custom_google_font=\u00a0\u00bb\u00a0\u00bb align=\u00a0\u00bbright\u00a0\u00bb xs_align=\u00a0\u00bbcenter\u00a0\u00bb text=\u00a0\u00bbMais la Provence a bien plus \u00e0 offrir qu&rsquo;un paysage culturel pittoresque qui, au fil des d\u00e9cennies, a inspir\u00e9 les \u0153uvres de nombreux artistes. Par exemple, le c\u00e9l\u00e8bre Vincent van Gogh a peint de nombreux tableaux avec des motifs proven\u00e7aux.\u00a0\u00bb][tm_spacer size=\u00a0\u00bblg:17&Prime;][tm_heading tag=\u00a0\u00bbdiv\u00a0\u00bb custom_google_font=\u00a0\u00bb\u00a0\u00bb align=\u00a0\u00bbright\u00a0\u00bb xs_align=\u00a0\u00bbcenter\u00a0\u00bb text=\u00a0\u00bbCependant, les peintres ne sont pas les seuls \u00e0 \u00eatre attir\u00e9s par le sud de la France. Bon nombre de musiciens y donnent r\u00e9guli\u00e8rement des concerts lors de festivals ou autres occasions. Le tourisme en Provence est tr\u00e8s d\u00e9velopp\u00e9 et diversifi\u00e9, et il n&rsquo;est pas difficile de trouver une destination qui vous convienne dans cette magnifique r\u00e9gion. Marseille et Nice ne sont pas forc\u00e9ment les destinations les plus pris\u00e9es.\u00a0\u00bb][\/vc_column][\/vc_row][\/vc_section][vc_section][vc_row][vc_column][tm_spacer size=\u00a0\u00bblg:55&Prime;][tm_heading custom_google_font=\u00a0\u00bb\u00a0\u00bb align=\u00a0\u00bbcenter\u00a0\u00bb xs_align=\u00a0\u00bbcenter\u00a0\u00bb text=\u00a0\u00bbPr\u00e8s de 3000 heures d&rsquo;ensoleillement par an\u00a0\u00bb][tm_spacer size=\u00a0\u00bblg:25&Prime;][\/vc_column][\/vc_row][vc_row][vc_column width=\u00a0\u00bb3\/5&Prime; offset=\u00a0\u00bbvc_hidden-xs\u00a0\u00bb][tm_slider_gallery style=\u00a0\u00bbcarousel-centered\u00a0\u00bb image_size=\u00a0\u00bbfull\u00a0\u00bb gutter=\u00a0\u00bb30&Prime; images=\u00a0\u00bb6920,6921&Prime; auto_play=\u00a0\u00bb3000&Prime; items_display=\u00a0\u00bbxs:1;sm:1;md:1;lg:1&Prime;][\/vc_column][vc_column width=\u00a0\u00bb2\/5&Prime;][tm_spacer size=\u00a0\u00bblg:25&Prime;][tm_heading tag=\u00a0\u00bbdiv\u00a0\u00bb custom_google_font=\u00a0\u00bb\u00a0\u00bb xs_align=\u00a0\u00bbcenter\u00a0\u00bb text=\u00a0\u00bbLa douceur du climat m\u00e9diterran\u00e9en fait de cette r\u00e9gion du sud-est de la France une destination id\u00e9ale en toute saison. Avec 2 600 \u00e0 3 000 heures d&rsquo;ensoleillement par an, la Provence est la r\u00e9gion la plus chaude et la plus ensoleill\u00e9e de France. Toulon, situ\u00e9e \u00e0 la pointe sud, est r\u00e9put\u00e9e \u00eatre la ville la plus ensoleill\u00e9e de France continentale. Au nord, la Provence est bord\u00e9e par le Dauphin\u00e9.\u00a0\u00bb][tm_spacer size=\u00a0\u00bblg:17&Prime;][tm_heading tag=\u00a0\u00bbdiv\u00a0\u00bb custom_google_font=\u00a0\u00bb\u00a0\u00bb xs_align=\u00a0\u00bbcenter\u00a0\u00bb text=\u00a0\u00bbCe climat du sud-est de la France est surtout influenc\u00e9 par les vents, comme le mistral, qui peuvent \u00eatre violents surtout en hiver. Les pluies sont abondantes entre octobre et avril. Les jours ensoleill\u00e9s, des temp\u00e9ratures allant jusqu&rsquo;\u00e0 20 degr\u00e9s sont toutefois possibles sans probl\u00e8me en hiver. Le printemps et l&rsquo;automne sont les meilleures saisons pour voyager : il y fait bon et il n&rsquo;y a pas trop de touristes dans le sud de la France. En \u00e9t\u00e9, il fait tr\u00e8s chaud et les belles plages de sable de Provence sont id\u00e9ales pour prendre un bain de soleil.\u00a0\u00bb][\/vc_column][\/vc_row][\/vc_section]<\/p>\n<\/div>","protected":false},"excerpt":{"rendered":"<p>[vc_section full_width=\u00a0\u00bbstretch_row\u00a0\u00bb background_color=\u00a0\u00bbprimary\u00a0\u00bb][vc_row][vc_column][tm_spacer size=\u00a0\u00bblg:130&Prime;][\/vc_column][\/vc_row][\/vc_section][vc_section][vc_row full_width=\u00a0\u00bbstretch_row\u00a0\u00bb separator_type=\u00a0\u00bbcurve\u00a0\u00bb separator_position=\u00a0\u00bbtop\u00a0\u00bb separator_color=\u00a0\u00bbprimary\u00a0\u00bb separator_height=\u00a0\u00bblg:40&Prime;][vc_column][tm_spacer size=\u00a0\u00bblg:80&Prime;][tm_heading tag=\u00a0\u00bbh2&Prime; custom_google_font=\u00a0\u00bb\u00a0\u00bb align=\u00a0\u00bbcenter\u00a0\u00bb text=\u00a0\u00bbLa Provence\u00a0\u00bb][tm_spacer size=\u00a0\u00bblg:10&Prime;][tm_separator color=\u00a0\u00bbprimary\u00a0\u00bb align=\u00a0\u00bbcenter\u00a0\u00bb][\/vc_column][\/vc_row][\/vc_section][vc_section full_width=\u00a0\u00bbstretch_row\u00a0\u00bb el_id=\u00a0\u00bbueber\u00a0\u00bb][vc_row][vc_column][tm_spacer size=\u00a0\u00bblg:60&Prime;][\/vc_column][\/vc_row][vc_row][vc_column width=\u00a0\u00bb2\/5&Prime; offset=\u00a0\u00bbvc_hidden-xs\u00a0\u00bb][tm_spacer size=\u00a0\u00bblg:25&Prime;][tm_heading custom_google_font=\u00a0\u00bb\u00a0\u00bb align=\u00a0\u00bbright\u00a0\u00bb xs_align=\u00a0\u00bbcenter\u00a0\u00bb text=\u00a0\u00bbLe charme du sud de la France\u00a0\u00bb][tm_spacer size=\u00a0\u00bblg:25&Prime;][tm_heading tag=\u00a0\u00bbdiv\u00a0\u00bb custom_google_font=\u00a0\u00bb\u00a0\u00bb align=\u00a0\u00bbright\u00a0\u00bb xs_align=\u00a0\u00bbcenter\u00a0\u00bb text=\u00a0\u00bbQuiconque pense \u00e0 la Provence pense sans doute d&rsquo;abord aux champs de lavande d&rsquo;une luminosit\u00e9 \u00e0 couper le souffle, v\u00e9ritables symboles de la r\u00e9gion m\u00e9tropolitaine du sud de la France. Ils constituent un paysage magnifique, au m\u00eame titre que les villages authentiques, les vieilles villes chics, le Mont Ventoux, la zone humide de la Camargue et la Crau rocailleuse, sans oublier la Riviera fran\u00e7aise, appel\u00e9e C\u00f4te d&rsquo;Azur dans les pays germanophones.\u00a0\u00bb][tm_spacer size=\u00a0\u00bblg:17&Prime;][tm_heading tag=\u00a0\u00bbdiv\u00a0\u00bb custom_google_font=\u00a0\u00bb\u00a0\u00bb align=\u00a0\u00bbright\u00a0\u00bb xs_align=\u00a0\u00bbcenter\u00a0\u00bb text=\u00a0\u00bbMais la Provence a bien plus \u00e0 offrir qu&rsquo;un paysage culturel pittoresque qui, au fil des d\u00e9cennies, a inspir\u00e9 les \u0153uvres de nombreux artistes. Par exemple, le c\u00e9l\u00e8bre Vincent van Gogh a peint de nombreux tableaux avec des motifs proven\u00e7aux.\u00a0\u00bb][tm_spacer size=\u00a0\u00bblg:17&Prime;][\/vc_column][vc_column width=\u00a0\u00bb3\/5&Prime; offset=\u00a0\u00bbvc_hidden-xs\u00a0\u00bb][tm_slider_gallery style=\u00a0\u00bbcarousel-centered\u00a0\u00bb image_size=\u00a0\u00bbfull\u00a0\u00bb gutter=\u00a0\u00bb30&Prime; images=\u00a0\u00bb6918,6919&Prime; auto_play=\u00a0\u00bb3000&Prime; items_display=\u00a0\u00bbxs:1;sm:1;md:1;lg:1&Prime;][\/vc_column][\/vc_row][vc_row][vc_column offset=\u00a0\u00bbvc_hidden-xs\u00a0\u00bb][tm_spacer size=\u00a0\u00bblg:40&Prime;][tm_heading tag=\u00a0\u00bbdiv\u00a0\u00bb custom_google_font=\u00a0\u00bb\u00a0\u00bb align=\u00a0\u00bbcenter\u00a0\u00bb xs_align=\u00a0\u00bbcenter\u00a0\u00bb text=\u00a0\u00bbCependant, les peintres ne sont pas les seuls \u00e0 \u00eatre attir\u00e9s par le sud de la France. Bon nombre de musiciens y donnent r\u00e9guli\u00e8rement des concerts lors de festivals ou autres occasions. Le tourisme en Provence est tr\u00e8s d\u00e9velopp\u00e9 et diversifi\u00e9, et il n&rsquo;est pas difficile de trouver une destination qui vous convienne dans cette magnifique r\u00e9gion. Marseille et Nice ne sont pas forc\u00e9ment les destinations les plus pris\u00e9es.\u00a0\u00bb][\/vc_column][\/vc_row][vc_row][vc_column offset=\u00a0\u00bbvc_hidden-lg vc_hidden-md vc_hidden-sm\u00a0\u00bb][tm_heading custom_google_font=\u00a0\u00bb\u00a0\u00bb align=\u00a0\u00bbright\u00a0\u00bb xs_align=\u00a0\u00bbcenter\u00a0\u00bb text=\u00a0\u00bbLe charme du sud de la France\u00a0\u00bb][tm_spacer size=\u00a0\u00bblg:25&Prime;][tm_slider_gallery style=\u00a0\u00bbcarousel-centered\u00a0\u00bb gutter=\u00a0\u00bb30&Prime; images=\u00a0\u00bb6918,6919,6920,6921&Prime; carousel_height=\u00a0\u00bbxs:320;md:440;lg:678&Prime; items_display=\u00a0\u00bbxs:1;sm:2;md:3;lg:3&Prime; auto_play=\u00a0\u00bb3000&Prime;][tm_spacer size=\u00a0\u00bblg:25&Prime;][tm_heading tag=\u00a0\u00bbdiv\u00a0\u00bb custom_google_font=\u00a0\u00bb\u00a0\u00bb align=\u00a0\u00bbright\u00a0\u00bb xs_align=\u00a0\u00bbcenter\u00a0\u00bb text=\u00a0\u00bbQuiconque pense \u00e0 la Provence pense sans doute d&rsquo;abord aux champs de lavande d&rsquo;une luminosit\u00e9 \u00e0 couper le souffle, v\u00e9ritables symboles de la r\u00e9gion m\u00e9tropolitaine du sud de la France. Ils constituent un paysage magnifique, au m\u00eame titre que les villages authentiques, les vieilles villes chics, le Mont Ventoux, la zone humide de la Camargue et la Crau rocailleuse, sans oublier la Riviera fran\u00e7aise, appel\u00e9e C\u00f4te d&rsquo;Azur dans les pays germanophones.\u00a0\u00bb][tm_spacer size=\u00a0\u00bblg:17&Prime;][tm_heading tag=\u00a0\u00bbdiv\u00a0\u00bb custom_google_font=\u00a0\u00bb\u00a0\u00bb align=\u00a0\u00bbright\u00a0\u00bb xs_align=\u00a0\u00bbcenter\u00a0\u00bb text=\u00a0\u00bbMais la Provence a bien plus \u00e0 offrir qu&rsquo;un paysage culturel pittoresque qui, au fil des d\u00e9cennies, a inspir\u00e9 les \u0153uvres de nombreux artistes. Par exemple, le c\u00e9l\u00e8bre Vincent van Gogh a peint de nombreux tableaux avec des motifs proven\u00e7aux.\u00a0\u00bb][tm_spacer size=\u00a0\u00bblg:17&Prime;][tm_heading tag=\u00a0\u00bbdiv\u00a0\u00bb custom_google_font=\u00a0\u00bb\u00a0\u00bb align=\u00a0\u00bbright\u00a0\u00bb xs_align=\u00a0\u00bbcenter\u00a0\u00bb text=\u00a0\u00bbCependant, les peintres ne sont pas les seuls \u00e0 \u00eatre attir\u00e9s par le sud de la France. Bon nombre de musiciens y donnent r\u00e9guli\u00e8rement des concerts lors de festivals ou autres occasions. Le tourisme en Provence est tr\u00e8s d\u00e9velopp\u00e9 et diversifi\u00e9, et il n&rsquo;est pas difficile de trouver une destination qui vous convienne dans cette magnifique r\u00e9gion. Marseille et Nice ne sont pas forc\u00e9ment les destinations les plus pris\u00e9es.\u00a0\u00bb][\/vc_column][\/vc_row][\/vc_section][vc_section][vc_row][vc_column][tm_spacer size=\u00a0\u00bblg:55&Prime;][tm_heading custom_google_font=\u00a0\u00bb\u00a0\u00bb align=\u00a0\u00bbcenter\u00a0\u00bb xs_align=\u00a0\u00bbcenter\u00a0\u00bb text=\u00a0\u00bbPr\u00e8s de 3000 heures d&rsquo;ensoleillement par an\u00a0\u00bb][tm_spacer size=\u00a0\u00bblg:25&Prime;][\/vc_column][\/vc_row][vc_row][vc_column width=\u00a0\u00bb3\/5&Prime; offset=\u00a0\u00bbvc_hidden-xs\u00a0\u00bb][tm_slider_gallery style=\u00a0\u00bbcarousel-centered\u00a0\u00bb image_size=\u00a0\u00bbfull\u00a0\u00bb gutter=\u00a0\u00bb30&Prime; images=\u00a0\u00bb6920,6921&Prime; auto_play=\u00a0\u00bb3000&Prime; items_display=\u00a0\u00bbxs:1;sm:1;md:1;lg:1&Prime;][\/vc_column][vc_column width=\u00a0\u00bb2\/5&Prime;][tm_spacer size=\u00a0\u00bblg:25&Prime;][tm_heading tag=\u00a0\u00bbdiv\u00a0\u00bb custom_google_font=\u00a0\u00bb\u00a0\u00bb xs_align=\u00a0\u00bbcenter\u00a0\u00bb text=\u00a0\u00bbLa douceur du climat m\u00e9diterran\u00e9en fait de cette r\u00e9gion du sud-est de la France une destination id\u00e9ale en toute saison. Avec 2 600 \u00e0 3 000 heures d&rsquo;ensoleillement par an, la Provence est la r\u00e9gion la plus chaude et la plus ensoleill\u00e9e de France. Toulon, situ\u00e9e \u00e0 la pointe sud, est r\u00e9put\u00e9e \u00eatre la ville la plus ensoleill\u00e9e de France continentale. Au nord, la Provence est bord\u00e9e par le Dauphin\u00e9.\u00a0\u00bb][tm_spacer size=\u00a0\u00bblg:17&Prime;][tm_heading tag=\u00a0\u00bbdiv\u00a0\u00bb custom_google_font=\u00a0\u00bb\u00a0\u00bb xs_align=\u00a0\u00bbcenter\u00a0\u00bb text=\u00a0\u00bbCe climat du sud-est de la France est surtout influenc\u00e9 par les vents, comme le mistral, qui peuvent \u00eatre violents surtout en hiver. Les pluies sont abondantes entre octobre et avril. Les jours ensoleill\u00e9s, des temp\u00e9ratures allant jusqu&rsquo;\u00e0 20 degr\u00e9s sont toutefois possibles sans probl\u00e8me en hiver. Le printemps et l&rsquo;automne sont les meilleures saisons pour voyager : il y fait bon et il n&rsquo;y a pas trop de touristes dans le sud de la France. En \u00e9t\u00e9, il fait tr\u00e8s chaud et les belles plages de sable de Provence sont id\u00e9ales pour prendre un bain de soleil.\u00a0\u00bb][\/vc_column][\/vc_row][\/vc_section]<\/p>\n","protected":false},"author":1,"featured_media":0,"parent":0,"menu_order":0,"comment_status":"closed","ping_status":"closed","template":"","meta":{"footnotes":""},"class_list":["post-7363","page","type-page","status-publish","hentry","post-no-thumbnail"],"yoast_head":"<!-- This site is optimized with the Yoast SEO plugin v27.3 - https:\/\/yoast.com\/product\/yoast-seo-wordpress\/ -->\n<title>Mas des lavandes - La Provence<\/title>\n<meta name=\"description\" content=\"Notre villa situ\u00e9e en Provence fran\u00e7aise offre calme et repos. Profitez d&#039;un verre de vin au bord de la piscine ou fl\u00e2nez dans les magnifiques environs. R\u00e9servez maintenant !\" \/>\n<meta name=\"robots\" content=\"index, follow, max-snippet:-1, max-image-preview:large, max-video-preview:-1\" \/>\n<link rel=\"canonical\" href=\"https:\/\/masdeslavandes.de\/fr\/la-provence\/\" \/>\n<meta property=\"og:locale\" content=\"fr_FR\" \/>\n<meta property=\"og:type\" content=\"article\" \/>\n<meta property=\"og:title\" content=\"Mas des lavandes - La Provence\" \/>\n<meta property=\"og:description\" content=\"Notre villa situ\u00e9e en Provence fran\u00e7aise offre calme et repos. Profitez d&#039;un verre de vin au bord de la piscine ou fl\u00e2nez dans les magnifiques environs. R\u00e9servez maintenant !\" \/>\n<meta property=\"og:url\" content=\"https:\/\/masdeslavandes.de\/fr\/la-provence\/\" \/>\n<meta property=\"og:site_name\" content=\"Mas des lavandes\" \/>\n<meta property=\"article:modified_time\" content=\"2023-01-11T18:00:32+00:00\" \/>\n<meta name=\"twitter:card\" content=\"summary_large_image\" \/>\n<meta name=\"twitter:label1\" content=\"Dur\u00e9e de lecture estim\u00e9e\" \/>\n\t<meta name=\"twitter:data1\" content=\"4 minutes\" \/>\n<script type=\"application\/ld+json\" class=\"yoast-schema-graph\">{\"@context\":\"https:\\\/\\\/schema.org\",\"@graph\":[{\"@type\":\"WebPage\",\"@id\":\"https:\\\/\\\/masdeslavandes.de\\\/fr\\\/la-provence\\\/\",\"url\":\"https:\\\/\\\/masdeslavandes.de\\\/fr\\\/la-provence\\\/\",\"name\":\"Mas des lavandes - La Provence\",\"isPartOf\":{\"@id\":\"https:\\\/\\\/masdeslavandes.de\\\/fr\\\/#website\"},\"datePublished\":\"2022-05-30T14:16:38+00:00\",\"dateModified\":\"2023-01-11T18:00:32+00:00\",\"description\":\"Notre villa situ\u00e9e en Provence fran\u00e7aise offre calme et repos. Profitez d'un verre de vin au bord de la piscine ou fl\u00e2nez dans les magnifiques environs. R\u00e9servez maintenant !\",\"breadcrumb\":{\"@id\":\"https:\\\/\\\/masdeslavandes.de\\\/fr\\\/la-provence\\\/#breadcrumb\"},\"inLanguage\":\"fr-FR\",\"potentialAction\":[{\"@type\":\"ReadAction\",\"target\":[\"https:\\\/\\\/masdeslavandes.de\\\/fr\\\/la-provence\\\/\"]}]},{\"@type\":\"BreadcrumbList\",\"@id\":\"https:\\\/\\\/masdeslavandes.de\\\/fr\\\/la-provence\\\/#breadcrumb\",\"itemListElement\":[{\"@type\":\"ListItem\",\"position\":1,\"name\":\"Startseite\",\"item\":\"https:\\\/\\\/masdeslavandes.de\\\/fr\\\/\"},{\"@type\":\"ListItem\",\"position\":2,\"name\":\"La Provence\"}]},{\"@type\":\"WebSite\",\"@id\":\"https:\\\/\\\/masdeslavandes.de\\\/fr\\\/#website\",\"url\":\"https:\\\/\\\/masdeslavandes.de\\\/fr\\\/\",\"name\":\"Mas des lavandes\",\"description\":\"Vacances en Provence fran\u00e7aise\",\"publisher\":{\"@id\":\"https:\\\/\\\/masdeslavandes.de\\\/fr\\\/#organization\"},\"potentialAction\":[{\"@type\":\"SearchAction\",\"target\":{\"@type\":\"EntryPoint\",\"urlTemplate\":\"https:\\\/\\\/masdeslavandes.de\\\/fr\\\/?s={search_term_string}\"},\"query-input\":{\"@type\":\"PropertyValueSpecification\",\"valueRequired\":true,\"valueName\":\"search_term_string\"}}],\"inLanguage\":\"fr-FR\"},{\"@type\":\"Organization\",\"@id\":\"https:\\\/\\\/masdeslavandes.de\\\/fr\\\/#organization\",\"name\":\"Ferienhaus Maison de cerisier\",\"url\":\"https:\\\/\\\/masdeslavandes.de\\\/fr\\\/\",\"logo\":{\"@type\":\"ImageObject\",\"inLanguage\":\"fr-FR\",\"@id\":\"https:\\\/\\\/masdeslavandes.de\\\/fr\\\/#\\\/schema\\\/logo\\\/image\\\/\",\"url\":\"https:\\\/\\\/masdeslavandes.de\\\/wp-content\\\/uploads\\\/2022\\\/07\\\/Logo_Mas_des_Lavendel_dark.png\",\"contentUrl\":\"https:\\\/\\\/masdeslavandes.de\\\/wp-content\\\/uploads\\\/2022\\\/07\\\/Logo_Mas_des_Lavendel_dark.png\",\"width\":544,\"height\":200,\"caption\":\"Ferienhaus Maison de cerisier\"},\"image\":{\"@id\":\"https:\\\/\\\/masdeslavandes.de\\\/fr\\\/#\\\/schema\\\/logo\\\/image\\\/\"}}]}<\/script>\n<!-- \/ Yoast SEO plugin. -->","yoast_head_json":{"title":"Mas des lavandes - La Provence","description":"Notre villa situ\u00e9e en Provence fran\u00e7aise offre calme et repos. Profitez d'un verre de vin au bord de la piscine ou fl\u00e2nez dans les magnifiques environs. R\u00e9servez maintenant !","robots":{"index":"index","follow":"follow","max-snippet":"max-snippet:-1","max-image-preview":"max-image-preview:large","max-video-preview":"max-video-preview:-1"},"canonical":"https:\/\/masdeslavandes.de\/fr\/la-provence\/","og_locale":"fr_FR","og_type":"article","og_title":"Mas des lavandes - La Provence","og_description":"Notre villa situ\u00e9e en Provence fran\u00e7aise offre calme et repos. Profitez d'un verre de vin au bord de la piscine ou fl\u00e2nez dans les magnifiques environs. R\u00e9servez maintenant !","og_url":"https:\/\/masdeslavandes.de\/fr\/la-provence\/","og_site_name":"Mas des lavandes","article_modified_time":"2023-01-11T18:00:32+00:00","twitter_card":"summary_large_image","twitter_misc":{"Dur\u00e9e de lecture estim\u00e9e":"4 minutes"},"schema":{"@context":"https:\/\/schema.org","@graph":[{"@type":"WebPage","@id":"https:\/\/masdeslavandes.de\/fr\/la-provence\/","url":"https:\/\/masdeslavandes.de\/fr\/la-provence\/","name":"Mas des lavandes - La Provence","isPartOf":{"@id":"https:\/\/masdeslavandes.de\/fr\/#website"},"datePublished":"2022-05-30T14:16:38+00:00","dateModified":"2023-01-11T18:00:32+00:00","description":"Notre villa situ\u00e9e en Provence fran\u00e7aise offre calme et repos. Profitez d'un verre de vin au bord de la piscine ou fl\u00e2nez dans les magnifiques environs. R\u00e9servez maintenant !","breadcrumb":{"@id":"https:\/\/masdeslavandes.de\/fr\/la-provence\/#breadcrumb"},"inLanguage":"fr-FR","potentialAction":[{"@type":"ReadAction","target":["https:\/\/masdeslavandes.de\/fr\/la-provence\/"]}]},{"@type":"BreadcrumbList","@id":"https:\/\/masdeslavandes.de\/fr\/la-provence\/#breadcrumb","itemListElement":[{"@type":"ListItem","position":1,"name":"Startseite","item":"https:\/\/masdeslavandes.de\/fr\/"},{"@type":"ListItem","position":2,"name":"La Provence"}]},{"@type":"WebSite","@id":"https:\/\/masdeslavandes.de\/fr\/#website","url":"https:\/\/masdeslavandes.de\/fr\/","name":"Mas des lavandes","description":"Vacances en Provence fran\u00e7aise","publisher":{"@id":"https:\/\/masdeslavandes.de\/fr\/#organization"},"potentialAction":[{"@type":"SearchAction","target":{"@type":"EntryPoint","urlTemplate":"https:\/\/masdeslavandes.de\/fr\/?s={search_term_string}"},"query-input":{"@type":"PropertyValueSpecification","valueRequired":true,"valueName":"search_term_string"}}],"inLanguage":"fr-FR"},{"@type":"Organization","@id":"https:\/\/masdeslavandes.de\/fr\/#organization","name":"Ferienhaus Maison de cerisier","url":"https:\/\/masdeslavandes.de\/fr\/","logo":{"@type":"ImageObject","inLanguage":"fr-FR","@id":"https:\/\/masdeslavandes.de\/fr\/#\/schema\/logo\/image\/","url":"https:\/\/masdeslavandes.de\/wp-content\/uploads\/2022\/07\/Logo_Mas_des_Lavendel_dark.png","contentUrl":"https:\/\/masdeslavandes.de\/wp-content\/uploads\/2022\/07\/Logo_Mas_des_Lavendel_dark.png","width":544,"height":200,"caption":"Ferienhaus Maison de cerisier"},"image":{"@id":"https:\/\/masdeslavandes.de\/fr\/#\/schema\/logo\/image\/"}}]}},"_links":{"self":[{"href":"https:\/\/masdeslavandes.de\/fr\/wp-json\/wp\/v2\/pages\/7363","targetHints":{"allow":["GET"]}}],"collection":[{"href":"https:\/\/masdeslavandes.de\/fr\/wp-json\/wp\/v2\/pages"}],"about":[{"href":"https:\/\/masdeslavandes.de\/fr\/wp-json\/wp\/v2\/types\/page"}],"author":[{"embeddable":true,"href":"https:\/\/masdeslavandes.de\/fr\/wp-json\/wp\/v2\/users\/1"}],"replies":[{"embeddable":true,"href":"https:\/\/masdeslavandes.de\/fr\/wp-json\/wp\/v2\/comments?post=7363"}],"version-history":[{"count":2,"href":"https:\/\/masdeslavandes.de\/fr\/wp-json\/wp\/v2\/pages\/7363\/revisions"}],"predecessor-version":[{"id":7365,"href":"https:\/\/masdeslavandes.de\/fr\/wp-json\/wp\/v2\/pages\/7363\/revisions\/7365"}],"wp:attachment":[{"href":"https:\/\/masdeslavandes.de\/fr\/wp-json\/wp\/v2\/media?parent=7363"}],"curies":[{"name":"wp","href":"https:\/\/api.w.org\/{rel}","templated":true}]}}