{"id":7358,"date":"2021-12-10T17:37:49","date_gmt":"2021-12-10T16:37:49","guid":{"rendered":"https:\/\/masdeslavandes.de\/contact\/"},"modified":"2024-03-05T14:57:43","modified_gmt":"2024-03-05T13:57:43","slug":"contact","status":"publish","type":"page","link":"https:\/\/masdeslavandes.de\/fr\/contact\/","title":{"rendered":"Contact"},"content":{"rendered":"<div class=\"wpb-content-wrapper\"><p>[vc_section full_width=\u00a0\u00bbstretch_row\u00a0\u00bb background_color=\u00a0\u00bbprimary\u00a0\u00bb][vc_row][vc_column][tm_spacer size=\u00a0\u00bblg:130&Prime;][\/vc_column][\/vc_row][\/vc_section][vc_section][vc_row full_width=\u00a0\u00bbstretch_row\u00a0\u00bb separator_type=\u00a0\u00bbcurve\u00a0\u00bb separator_position=\u00a0\u00bbtop\u00a0\u00bb separator_color=\u00a0\u00bbprimary\u00a0\u00bb separator_height=\u00a0\u00bblg:40&Prime;][vc_column][tm_spacer size=\u00a0\u00bblg:80&Prime;][tm_heading tag=\u00a0\u00bbh2&Prime; custom_google_font=\u00a0\u00bb\u00a0\u00bb align=\u00a0\u00bbcenter\u00a0\u00bb text=\u00a0\u00bbContact\u00a0\u00bb][tm_spacer size=\u00a0\u00bblg:10&Prime;][tm_separator color=\u00a0\u00bbprimary\u00a0\u00bb align=\u00a0\u00bbcenter\u00a0\u00bb][tm_spacer size=\u00a0\u00bblg:60&Prime;][tm_heading tag=\u00a0\u00bbdiv\u00a0\u00bb custom_google_font=\u00a0\u00bb\u00a0\u00bb align=\u00a0\u00bbcenter\u00a0\u00bb text=\u00a0\u00bbPour une r\u00e9servation simple et bien s\u00fbr sans commission, nous vous demandons d&rsquo;utiliser le syst\u00e8me de r\u00e9servation suivant :\u00a0\u00bb][tm_spacer size=\u00a0\u00bblg:20&Prime;][\/vc_column][\/vc_row][\/vc_section][vc_section full_width=\u00a0\u00bbstretch_row\u00a0\u00bb][vc_row full_width=\u00a0\u00bbstretch_row\u00a0\u00bb][vc_column lg_spacing=\u00a0\u00bbpadding_right:100;padding_left:100&Prime; md_spacing=\u00a0\u00bbpadding_right:70;padding_left:70&Prime; sm_spacing=\u00a0\u00bbpadding_right:30;padding_left:30&Prime; xs_spacing=\u00a0\u00bbpadding_right:15;padding_left:15&Prime;][vc_raw_html]PGRpdiBpZD0iYXBhcnRtZW50SWZyYW1lQWxsIj4KPHNjcmlwdCB0eXBlPSJ0ZXh0L2phdmFzY3JpcHQiIHNyYz0iaHR0cHM6Ly9sb2dpbi5zbW9vYnUuY29tL2pzL1NldHRpbmdzL0Jvb2tpbmdUb29sSWZyYW1lLmpzIj48L3NjcmlwdD4KPHNjcmlwdD5Cb29raW5nVG9vbElmcmFtZS5pbml0aWFsaXplKHsidXJsIjogImh0dHBzOi8vbG9naW4uc21vb2J1LmNvbS9kZS9ib29raW5nLXRvb2wvaWZyYW1lLzMwNDQ4MyIsICJiYXNlVXJsIjogImh0dHBzOi8vbG9naW4uc21vb2J1LmNvbSIsICJ0YXJnZXQiOiAiI2FwYXJ0bWVudElmcmFtZUFsbCJ9KTwvc2NyaXB0Pgo8L2Rpdj4=[\/vc_raw_html][\/vc_column][\/vc_row][vc_row full_width=\u00a0\u00bbstretch_row\u00a0\u00bb][vc_column lg_spacing=\u00a0\u00bbpadding_right:200;padding_left:200&Prime; md_spacing=\u00a0\u00bbpadding_right:80;padding_left:80&Prime; sm_spacing=\u00a0\u00bbpadding_right:50;padding_left:50&Prime; xs_spacing=\u00a0\u00bbpadding_right:15;padding_left:15&Prime;][tm_heading tag=\u00a0\u00bbdiv\u00a0\u00bb custom_google_font=\u00a0\u00bb\u00a0\u00bb align=\u00a0\u00bbcenter\u00a0\u00bb text=\u00a0\u00bbVous trouverez ici un aper\u00e7u des <b>p\u00e9riodes d&rsquo;occupation<\/b> :\u00a0\u00bb][tm_spacer size=\u00a0\u00bblg:20&Prime;][vc_raw_html]JTNDZGl2JTIwaWQlM0QlMjJzbW9vYnVBcGFydG1lbnQ5NTg0OTVmciUyMiUyMGNsYXNzJTNEJTIyY2FsZW5kYXJXaWRnZXQlMjIlM0UlMjAlM0NkaXYlMjBjbGFzcyUzRCUyMmNhbGVuZGFyQ29udGVudCUyMiUyMGRhdGEtbG9hZC1jYWxlbmRhci11cmwlM0QlMjJodHRwcyUzQSUyRiUyRmxvZ2luLnNtb29idS5jb20lMkZmciUyRmNvY2twaXQlMkZ3aWRnZXQlMkZzaW5nbGUtY2FsZW5kYXIlMkY5NTg0OTUlMjIlMjBkYXRhLXZlcmlmaWNhdGlvbiUzRCUyMjBkOWYyZTgyNzA2MmNiNjY3NjAwMWRhYTZkZjU5NWE5YzQzNzJjNmE0ZmRkNGE1ZmQ5ZmNiMDllYTdjMDI4NWUlMjIlMjBkYXRhLWJhc2VVcmwlM0QlMjJodHRwcyUzQSUyRiUyRmxvZ2luLnNtb29idS5jb20lMjIlMjBkYXRhLWRpc2FibGUtY3NzJTNEJTIyZmFsc2UlMjIlMjAlM0UlM0MlMkZkaXYlM0UlMjAlM0NzY3JpcHQlMjB0eXBlJTNEJTIydGV4dCUyRmphdmFzY3JpcHQlMjIlMjBzcmMlM0QlMjJodHRwcyUzQSUyRiUyRmxvZ2luLnNtb29idS5jb20lMkZqcyUyRkFwYXJ0bWVudCUyRkNhbGVuZGFyV2lkZ2V0LmpzJTIyJTNFJTNDJTJGc2NyaXB0JTNFJTNDJTJGZGl2JTNF[\/vc_raw_html][\/vc_column][\/vc_row][\/vc_section][vc_section][vc_row][vc_column][tm_spacer size=\u00a0\u00bblg:30&Prime;][tm_separator color=\u00a0\u00bbprimary\u00a0\u00bb align=\u00a0\u00bbcenter\u00a0\u00bb][tm_spacer size=\u00a0\u00bblg:60&Prime;][\/vc_column][\/vc_row][\/vc_section][vc_section full_width=\u00a0\u00bbstretch_row\u00a0\u00bb el_id=\u00a0\u00bbueber\u00a0\u00bb][vc_row full_width=\u00a0\u00bbstretch_row\u00a0\u00bb content_placement=\u00a0\u00bbmiddle\u00a0\u00bb][vc_column width=\u00a0\u00bb1\/2&Prime;][tm_image align=\u00a0\u00bbcenter\u00a0\u00bb image=\u00a0\u00bb6953&Prime; lg_spacing=\u00a0\u00bbpadding_right:50;padding_left:50&Prime;][tm_spacer size=\u00a0\u00bblg:30&Prime;][vc_wp_text]<\/p>\n<p style=\"text-align: center;\"><strong>Notre agence sur place :<\/strong><br \/>\nThe Butler SAS repr\u00e9sent\u00e9e par<\/p>\n<p style=\"text-align: center;\"><strong>Virginie Hunter<\/strong><br \/>\nT\u00e9l. <a href=\"tel:+33668883182\">+33 6 68 88 31 82<\/a><br \/>\nE-mail : <a href=\"mailto:info@masdeslavandes.de\">info@masdeslavandes.de<\/a><br \/>\nElle parle fran\u00e7ais, allemand et anglais.<\/p>\n<p>[\/vc_wp_text][tm_spacer size=\u00a0\u00bblg:80&Prime;][\/vc_column][vc_column width=\u00a0\u00bb1\/2&Prime;][tm_contact_form_7 id=\u00a0\u00bb7348&Prime;][tm_spacer size=\u00a0\u00bbxs:150&Prime;][\/vc_column][\/vc_row][vc_row full_width=\u00a0\u00bbstretch_row_content_no_spaces\u00a0\u00bb][vc_column][tm_spacer size=\u00a0\u00bblg:100&Prime;][tm_gmaps zoom=\u00a0\u00bb11&Prime; map_type=\u00a0\u00bbterrain\u00a0\u00bb map_style=\u00a0\u00bbapple_paps_esque\u00a0\u00bb markers=\u00a0\u00bb%5B%7B%22address%22%3A%22327%20Chemin%20de%20Berre%2C%2013760%20Saint-Cannat%2C%20France%22%2C%22overlay_style%22%3A%22fixed-info%22%2C%22info%22%3A%22%3Cstrong%3EAdresse%3C%2Fstrong%3E%3Cbr%3E%5Cn%3Cdiv%3E%3Ca%20href%3D%5C%22https%3A%2F%2Fwww.google.de%2Fmaps%2Fplace%2F327%2BChem.%2Bde%2BBerre%2C%2B13760%2BSaint-Cannat%2C%2BFrankreich%2F%4043.6154635%2C5.2923999%2C17z%2Fdata%3D!3m1!4b1!4m5!3m4!1s0x12c9f6940511f359%3A0x44b36b5702caf4d4!8m2!3d43.6154596!4d5.2945886%5C%22%20target%3D%5C%22_blank%5C%22%3E327%20Chemin%20de%20Berre%3Cbr%3E%5Cn13760%20Saint-Cannat%2C%20France%3C%2Fa%3E%3C%2Fdiv%3E%3Cbr%3E%5Cn%3Cdiv%3E%3Cstrong%3EVirginie%20Hunter%20(FR%2C%20DE%2C%20EN)%3C%2Fstrong%3E%3C%2Fa%3E%3C%2Fdiv%3E%5Cn%3Cdiv%3ET%C3%A9l.%20%3A%20%3Ca%20href%3D%5C%22tel%3A%2B33668883182%5C%22%3E%2B33%206%2068%2088%2031%2082%3C%2Fa%3E%3C%2Fdiv%3E%5Cn%3Cdiv%3EE-mail%20%3A%20%3Ca%20href%3D%5C%22mailto%3Ainfo%40masdeslavandes.de%5C%22%3Einfo%40masdeslavandes.de%3C%2Fa%3E%3C%2Fdiv%3E%22%7D%5D\u00a0\u00bb api_key=\u00a0\u00bbAIzaSyDxaqpOaKwmLxvk-UGnaasNld7HEmq3oNc\u00a0\u00bb][\/vc_column][\/vc_row][\/vc_section]<\/p>\n<\/div>","protected":false},"excerpt":{"rendered":"<p>[vc_section full_width=\u00a0\u00bbstretch_row\u00a0\u00bb background_color=\u00a0\u00bbprimary\u00a0\u00bb][vc_row][vc_column][tm_spacer size=\u00a0\u00bblg:130&Prime;][\/vc_column][\/vc_row][\/vc_section][vc_section][vc_row full_width=\u00a0\u00bbstretch_row\u00a0\u00bb separator_type=\u00a0\u00bbcurve\u00a0\u00bb separator_position=\u00a0\u00bbtop\u00a0\u00bb separator_color=\u00a0\u00bbprimary\u00a0\u00bb separator_height=\u00a0\u00bblg:40&Prime;][vc_column][tm_spacer size=\u00a0\u00bblg:80&Prime;][tm_heading tag=\u00a0\u00bbh2&Prime; custom_google_font=\u00a0\u00bb\u00a0\u00bb align=\u00a0\u00bbcenter\u00a0\u00bb text=\u00a0\u00bbContact\u00a0\u00bb][tm_spacer size=\u00a0\u00bblg:10&Prime;][tm_separator color=\u00a0\u00bbprimary\u00a0\u00bb align=\u00a0\u00bbcenter\u00a0\u00bb][tm_spacer size=\u00a0\u00bblg:60&Prime;][tm_heading tag=\u00a0\u00bbdiv\u00a0\u00bb custom_google_font=\u00a0\u00bb\u00a0\u00bb align=\u00a0\u00bbcenter\u00a0\u00bb text=\u00a0\u00bbPour une r\u00e9servation simple et bien s\u00fbr sans commission, nous vous demandons d&rsquo;utiliser le syst\u00e8me de r\u00e9servation suivant :\u00a0\u00bb][tm_spacer size=\u00a0\u00bblg:20&Prime;][\/vc_column][\/vc_row][\/vc_section][vc_section full_width=\u00a0\u00bbstretch_row\u00a0\u00bb][vc_row full_width=\u00a0\u00bbstretch_row\u00a0\u00bb][vc_column lg_spacing=\u00a0\u00bbpadding_right:100;padding_left:100&Prime; md_spacing=\u00a0\u00bbpadding_right:70;padding_left:70&Prime; sm_spacing=\u00a0\u00bbpadding_right:30;padding_left:30&Prime; xs_spacing=\u00a0\u00bbpadding_right:15;padding_left:15&Prime;][vc_raw_html]PGRpdiBpZD0iYXBhcnRtZW50SWZyYW1lQWxsIj4KPHNjcmlwdCB0eXBlPSJ0ZXh0L2phdmFzY3JpcHQiIHNyYz0iaHR0cHM6Ly9sb2dpbi5zbW9vYnUuY29tL2pzL1NldHRpbmdzL0Jvb2tpbmdUb29sSWZyYW1lLmpzIj48L3NjcmlwdD4KPHNjcmlwdD5Cb29raW5nVG9vbElmcmFtZS5pbml0aWFsaXplKHsidXJsIjogImh0dHBzOi8vbG9naW4uc21vb2J1LmNvbS9kZS9ib29raW5nLXRvb2wvaWZyYW1lLzMwNDQ4MyIsICJiYXNlVXJsIjogImh0dHBzOi8vbG9naW4uc21vb2J1LmNvbSIsICJ0YXJnZXQiOiAiI2FwYXJ0bWVudElmcmFtZUFsbCJ9KTwvc2NyaXB0Pgo8L2Rpdj4=[\/vc_raw_html][\/vc_column][\/vc_row][vc_row full_width=\u00a0\u00bbstretch_row\u00a0\u00bb][vc_column lg_spacing=\u00a0\u00bbpadding_right:200;padding_left:200&Prime; md_spacing=\u00a0\u00bbpadding_right:80;padding_left:80&Prime; sm_spacing=\u00a0\u00bbpadding_right:50;padding_left:50&Prime; xs_spacing=\u00a0\u00bbpadding_right:15;padding_left:15&Prime;][tm_heading tag=\u00a0\u00bbdiv\u00a0\u00bb custom_google_font=\u00a0\u00bb\u00a0\u00bb align=\u00a0\u00bbcenter\u00a0\u00bb text=\u00a0\u00bbVous trouverez ici un aper\u00e7u des p\u00e9riodes d&rsquo;occupation :\u00a0\u00bb][tm_spacer size=\u00a0\u00bblg:20&Prime;][vc_raw_html]JTNDZGl2JTIwaWQlM0QlMjJzbW9vYnVBcGFydG1lbnQ5NTg0OTVmciUyMiUyMGNsYXNzJTNEJTIyY2FsZW5kYXJXaWRnZXQlMjIlM0UlMjAlM0NkaXYlMjBjbGFzcyUzRCUyMmNhbGVuZGFyQ29udGVudCUyMiUyMGRhdGEtbG9hZC1jYWxlbmRhci11cmwlM0QlMjJodHRwcyUzQSUyRiUyRmxvZ2luLnNtb29idS5jb20lMkZmciUyRmNvY2twaXQlMkZ3aWRnZXQlMkZzaW5nbGUtY2FsZW5kYXIlMkY5NTg0OTUlMjIlMjBkYXRhLXZlcmlmaWNhdGlvbiUzRCUyMjBkOWYyZTgyNzA2MmNiNjY3NjAwMWRhYTZkZjU5NWE5YzQzNzJjNmE0ZmRkNGE1ZmQ5ZmNiMDllYTdjMDI4NWUlMjIlMjBkYXRhLWJhc2VVcmwlM0QlMjJodHRwcyUzQSUyRiUyRmxvZ2luLnNtb29idS5jb20lMjIlMjBkYXRhLWRpc2FibGUtY3NzJTNEJTIyZmFsc2UlMjIlMjAlM0UlM0MlMkZkaXYlM0UlMjAlM0NzY3JpcHQlMjB0eXBlJTNEJTIydGV4dCUyRmphdmFzY3JpcHQlMjIlMjBzcmMlM0QlMjJodHRwcyUzQSUyRiUyRmxvZ2luLnNtb29idS5jb20lMkZqcyUyRkFwYXJ0bWVudCUyRkNhbGVuZGFyV2lkZ2V0LmpzJTIyJTNFJTNDJTJGc2NyaXB0JTNFJTNDJTJGZGl2JTNF[\/vc_raw_html][\/vc_column][\/vc_row][\/vc_section][vc_section][vc_row][vc_column][tm_spacer size=\u00a0\u00bblg:30&Prime;][tm_separator color=\u00a0\u00bbprimary\u00a0\u00bb align=\u00a0\u00bbcenter\u00a0\u00bb][tm_spacer size=\u00a0\u00bblg:60&Prime;][\/vc_column][\/vc_row][\/vc_section][vc_section full_width=\u00a0\u00bbstretch_row\u00a0\u00bb el_id=\u00a0\u00bbueber\u00a0\u00bb][vc_row full_width=\u00a0\u00bbstretch_row\u00a0\u00bb content_placement=\u00a0\u00bbmiddle\u00a0\u00bb][vc_column width=\u00a0\u00bb1\/2&Prime;][tm_image align=\u00a0\u00bbcenter\u00a0\u00bb image=\u00a0\u00bb6953&Prime; lg_spacing=\u00a0\u00bbpadding_right:50;padding_left:50&Prime;][tm_spacer size=\u00a0\u00bblg:30&Prime;][vc_wp_text] Notre agence sur place : The Butler SAS repr\u00e9sent\u00e9e par Virginie Hunter T\u00e9l. +33 6 68 88 31 82 E-mail : info@masdeslavandes.de Elle parle fran\u00e7ais, allemand et anglais. [\/vc_wp_text][tm_spacer size=\u00a0\u00bblg:80&Prime;][\/vc_column][vc_column width=\u00a0\u00bb1\/2&Prime;][tm_contact_form_7 id=\u00a0\u00bb7348&Prime;][tm_spacer size=\u00a0\u00bbxs:150&Prime;][\/vc_column][\/vc_row][vc_row full_width=\u00a0\u00bbstretch_row_content_no_spaces\u00a0\u00bb][vc_column][tm_spacer size=\u00a0\u00bblg:100&Prime;][tm_gmaps zoom=\u00a0\u00bb11&Prime; map_type=\u00a0\u00bbterrain\u00a0\u00bb map_style=\u00a0\u00bbapple_paps_esque\u00a0\u00bb markers=\u00a0\u00bb%5B%7B%22address%22%3A%22327%20Chemin%20de%20Berre%2C%2013760%20Saint-Cannat%2C%20France%22%2C%22overlay_style%22%3A%22fixed-info%22%2C%22info%22%3A%22%3Cstrong%3EAdresse%3C%2Fstrong%3E%3Cbr%3E%5Cn%3Cdiv%3E%3Ca%20href%3D%5C%22https%3A%2F%2Fwww.google.de%2Fmaps%2Fplace%2F327%2BChem.%2Bde%2BBerre%2C%2B13760%2BSaint-Cannat%2C%2BFrankreich%2F%4043.6154635%2C5.2923999%2C17z%2Fdata%3D!3m1!4b1!4m5!3m4!1s0x12c9f6940511f359%3A0x44b36b5702caf4d4!8m2!3d43.6154596!4d5.2945886%5C%22%20target%3D%5C%22_blank%5C%22%3E327%20Chemin%20de%20Berre%3Cbr%3E%5Cn13760%20Saint-Cannat%2C%20France%3C%2Fa%3E%3C%2Fdiv%3E%3Cbr%3E%5Cn%3Cdiv%3E%3Cstrong%3EVirginie%20Hunter%20(FR%2C%20DE%2C%20EN)%3C%2Fstrong%3E%3C%2Fa%3E%3C%2Fdiv%3E%5Cn%3Cdiv%3ET%C3%A9l.%20%3A%20%3Ca%20href%3D%5C%22tel%3A%2B33668883182%5C%22%3E%2B33%206%2068%2088%2031%2082%3C%2Fa%3E%3C%2Fdiv%3E%5Cn%3Cdiv%3EE-mail%20%3A%20%3Ca%20href%3D%5C%22mailto%3Ainfo%40masdeslavandes.de%5C%22%3Einfo%40masdeslavandes.de%3C%2Fa%3E%3C%2Fdiv%3E%22%7D%5D\u00a0\u00bb api_key=\u00a0\u00bbAIzaSyDxaqpOaKwmLxvk-UGnaasNld7HEmq3oNc\u00a0\u00bb][\/vc_column][\/vc_row][\/vc_section]<\/p>\n","protected":false},"author":1,"featured_media":0,"parent":0,"menu_order":0,"comment_status":"closed","ping_status":"closed","template":"","meta":{"footnotes":""},"class_list":["post-7358","page","type-page","status-publish","hentry","post-no-thumbnail"],"yoast_head":"<!-- This site is optimized with the Yoast SEO plugin v27.4 - https:\/\/yoast.com\/product\/yoast-seo-wordpress\/ -->\n<title>Mas des lavandes - Contact<\/title>\n<meta name=\"description\" content=\"Notre villa situ\u00e9e en Provence fran\u00e7aise offre calme et repos. Profitez d&#039;un verre de vin au bord de la piscine ou fl\u00e2nez dans les magnifiques environs. R\u00e9servez maintenant !\" \/>\n<meta name=\"robots\" content=\"index, follow, max-snippet:-1, max-image-preview:large, max-video-preview:-1\" \/>\n<link rel=\"canonical\" href=\"https:\/\/masdeslavandes.de\/fr\/contact\/\" \/>\n<meta property=\"og:locale\" content=\"fr_FR\" \/>\n<meta property=\"og:type\" content=\"article\" \/>\n<meta property=\"og:title\" content=\"Mas des lavandes - Contact\" \/>\n<meta property=\"og:description\" content=\"Notre villa situ\u00e9e en Provence fran\u00e7aise offre calme et repos. Profitez d&#039;un verre de vin au bord de la piscine ou fl\u00e2nez dans les magnifiques environs. R\u00e9servez maintenant !\" \/>\n<meta property=\"og:url\" content=\"https:\/\/masdeslavandes.de\/fr\/contact\/\" \/>\n<meta property=\"og:site_name\" content=\"Mas des lavandes\" \/>\n<meta property=\"article:modified_time\" content=\"2024-03-05T13:57:43+00:00\" \/>\n<meta name=\"twitter:card\" content=\"summary_large_image\" \/>\n<meta name=\"twitter:label1\" content=\"Dur\u00e9e de lecture estim\u00e9e\" \/>\n\t<meta name=\"twitter:data1\" content=\"1 minute\" \/>\n<script type=\"application\/ld+json\" class=\"yoast-schema-graph\">{\"@context\":\"https:\\\/\\\/schema.org\",\"@graph\":[{\"@type\":\"WebPage\",\"@id\":\"https:\\\/\\\/masdeslavandes.de\\\/fr\\\/contact\\\/\",\"url\":\"https:\\\/\\\/masdeslavandes.de\\\/fr\\\/contact\\\/\",\"name\":\"Mas des lavandes - Contact\",\"isPartOf\":{\"@id\":\"https:\\\/\\\/masdeslavandes.de\\\/fr\\\/#website\"},\"datePublished\":\"2021-12-10T16:37:49+00:00\",\"dateModified\":\"2024-03-05T13:57:43+00:00\",\"description\":\"Notre villa situ\u00e9e en Provence fran\u00e7aise offre calme et repos. Profitez d'un verre de vin au bord de la piscine ou fl\u00e2nez dans les magnifiques environs. R\u00e9servez maintenant !\",\"breadcrumb\":{\"@id\":\"https:\\\/\\\/masdeslavandes.de\\\/fr\\\/contact\\\/#breadcrumb\"},\"inLanguage\":\"fr-FR\",\"potentialAction\":[{\"@type\":\"ReadAction\",\"target\":[\"https:\\\/\\\/masdeslavandes.de\\\/fr\\\/contact\\\/\"]}]},{\"@type\":\"BreadcrumbList\",\"@id\":\"https:\\\/\\\/masdeslavandes.de\\\/fr\\\/contact\\\/#breadcrumb\",\"itemListElement\":[{\"@type\":\"ListItem\",\"position\":1,\"name\":\"Startseite\",\"item\":\"https:\\\/\\\/masdeslavandes.de\\\/fr\\\/\"},{\"@type\":\"ListItem\",\"position\":2,\"name\":\"Contact\"}]},{\"@type\":\"WebSite\",\"@id\":\"https:\\\/\\\/masdeslavandes.de\\\/fr\\\/#website\",\"url\":\"https:\\\/\\\/masdeslavandes.de\\\/fr\\\/\",\"name\":\"Mas des lavandes\",\"description\":\"Vacances en Provence fran\u00e7aise\",\"publisher\":{\"@id\":\"https:\\\/\\\/masdeslavandes.de\\\/fr\\\/#organization\"},\"potentialAction\":[{\"@type\":\"SearchAction\",\"target\":{\"@type\":\"EntryPoint\",\"urlTemplate\":\"https:\\\/\\\/masdeslavandes.de\\\/fr\\\/?s={search_term_string}\"},\"query-input\":{\"@type\":\"PropertyValueSpecification\",\"valueRequired\":true,\"valueName\":\"search_term_string\"}}],\"inLanguage\":\"fr-FR\"},{\"@type\":\"Organization\",\"@id\":\"https:\\\/\\\/masdeslavandes.de\\\/fr\\\/#organization\",\"name\":\"Ferienhaus Maison de cerisier\",\"url\":\"https:\\\/\\\/masdeslavandes.de\\\/fr\\\/\",\"logo\":{\"@type\":\"ImageObject\",\"inLanguage\":\"fr-FR\",\"@id\":\"https:\\\/\\\/masdeslavandes.de\\\/fr\\\/#\\\/schema\\\/logo\\\/image\\\/\",\"url\":\"https:\\\/\\\/masdeslavandes.de\\\/wp-content\\\/uploads\\\/2022\\\/07\\\/Logo_Mas_des_Lavendel_dark.png\",\"contentUrl\":\"https:\\\/\\\/masdeslavandes.de\\\/wp-content\\\/uploads\\\/2022\\\/07\\\/Logo_Mas_des_Lavendel_dark.png\",\"width\":544,\"height\":200,\"caption\":\"Ferienhaus Maison de cerisier\"},\"image\":{\"@id\":\"https:\\\/\\\/masdeslavandes.de\\\/fr\\\/#\\\/schema\\\/logo\\\/image\\\/\"}}]}<\/script>\n<!-- \/ Yoast SEO plugin. -->","yoast_head_json":{"title":"Mas des lavandes - Contact","description":"Notre villa situ\u00e9e en Provence fran\u00e7aise offre calme et repos. Profitez d'un verre de vin au bord de la piscine ou fl\u00e2nez dans les magnifiques environs. R\u00e9servez maintenant !","robots":{"index":"index","follow":"follow","max-snippet":"max-snippet:-1","max-image-preview":"max-image-preview:large","max-video-preview":"max-video-preview:-1"},"canonical":"https:\/\/masdeslavandes.de\/fr\/contact\/","og_locale":"fr_FR","og_type":"article","og_title":"Mas des lavandes - Contact","og_description":"Notre villa situ\u00e9e en Provence fran\u00e7aise offre calme et repos. Profitez d'un verre de vin au bord de la piscine ou fl\u00e2nez dans les magnifiques environs. R\u00e9servez maintenant !","og_url":"https:\/\/masdeslavandes.de\/fr\/contact\/","og_site_name":"Mas des lavandes","article_modified_time":"2024-03-05T13:57:43+00:00","twitter_card":"summary_large_image","twitter_misc":{"Dur\u00e9e de lecture estim\u00e9e":"1 minute"},"schema":{"@context":"https:\/\/schema.org","@graph":[{"@type":"WebPage","@id":"https:\/\/masdeslavandes.de\/fr\/contact\/","url":"https:\/\/masdeslavandes.de\/fr\/contact\/","name":"Mas des lavandes - Contact","isPartOf":{"@id":"https:\/\/masdeslavandes.de\/fr\/#website"},"datePublished":"2021-12-10T16:37:49+00:00","dateModified":"2024-03-05T13:57:43+00:00","description":"Notre villa situ\u00e9e en Provence fran\u00e7aise offre calme et repos. Profitez d'un verre de vin au bord de la piscine ou fl\u00e2nez dans les magnifiques environs. R\u00e9servez maintenant !","breadcrumb":{"@id":"https:\/\/masdeslavandes.de\/fr\/contact\/#breadcrumb"},"inLanguage":"fr-FR","potentialAction":[{"@type":"ReadAction","target":["https:\/\/masdeslavandes.de\/fr\/contact\/"]}]},{"@type":"BreadcrumbList","@id":"https:\/\/masdeslavandes.de\/fr\/contact\/#breadcrumb","itemListElement":[{"@type":"ListItem","position":1,"name":"Startseite","item":"https:\/\/masdeslavandes.de\/fr\/"},{"@type":"ListItem","position":2,"name":"Contact"}]},{"@type":"WebSite","@id":"https:\/\/masdeslavandes.de\/fr\/#website","url":"https:\/\/masdeslavandes.de\/fr\/","name":"Mas des lavandes","description":"Vacances en Provence fran\u00e7aise","publisher":{"@id":"https:\/\/masdeslavandes.de\/fr\/#organization"},"potentialAction":[{"@type":"SearchAction","target":{"@type":"EntryPoint","urlTemplate":"https:\/\/masdeslavandes.de\/fr\/?s={search_term_string}"},"query-input":{"@type":"PropertyValueSpecification","valueRequired":true,"valueName":"search_term_string"}}],"inLanguage":"fr-FR"},{"@type":"Organization","@id":"https:\/\/masdeslavandes.de\/fr\/#organization","name":"Ferienhaus Maison de cerisier","url":"https:\/\/masdeslavandes.de\/fr\/","logo":{"@type":"ImageObject","inLanguage":"fr-FR","@id":"https:\/\/masdeslavandes.de\/fr\/#\/schema\/logo\/image\/","url":"https:\/\/masdeslavandes.de\/wp-content\/uploads\/2022\/07\/Logo_Mas_des_Lavendel_dark.png","contentUrl":"https:\/\/masdeslavandes.de\/wp-content\/uploads\/2022\/07\/Logo_Mas_des_Lavendel_dark.png","width":544,"height":200,"caption":"Ferienhaus Maison de cerisier"},"image":{"@id":"https:\/\/masdeslavandes.de\/fr\/#\/schema\/logo\/image\/"}}]}},"_links":{"self":[{"href":"https:\/\/masdeslavandes.de\/fr\/wp-json\/wp\/v2\/pages\/7358","targetHints":{"allow":["GET"]}}],"collection":[{"href":"https:\/\/masdeslavandes.de\/fr\/wp-json\/wp\/v2\/pages"}],"about":[{"href":"https:\/\/masdeslavandes.de\/fr\/wp-json\/wp\/v2\/types\/page"}],"author":[{"embeddable":true,"href":"https:\/\/masdeslavandes.de\/fr\/wp-json\/wp\/v2\/users\/1"}],"replies":[{"embeddable":true,"href":"https:\/\/masdeslavandes.de\/fr\/wp-json\/wp\/v2\/comments?post=7358"}],"version-history":[{"count":8,"href":"https:\/\/masdeslavandes.de\/fr\/wp-json\/wp\/v2\/pages\/7358\/revisions"}],"predecessor-version":[{"id":7698,"href":"https:\/\/masdeslavandes.de\/fr\/wp-json\/wp\/v2\/pages\/7358\/revisions\/7698"}],"wp:attachment":[{"href":"https:\/\/masdeslavandes.de\/fr\/wp-json\/wp\/v2\/media?parent=7358"}],"curies":[{"name":"wp","href":"https:\/\/api.w.org\/{rel}","templated":true}]}}