{"id":7353,"date":"2022-01-01T00:35:01","date_gmt":"2021-12-31T23:35:01","guid":{"rendered":"https:\/\/masdeslavandes.de\/impressum\/"},"modified":"2023-01-11T18:37:55","modified_gmt":"2023-01-11T17:37:55","slug":"impressum","status":"publish","type":"page","link":"https:\/\/masdeslavandes.de\/fr\/impressum\/","title":{"rendered":"Impressum"},"content":{"rendered":"<div class=\"wpb-content-wrapper\"><p>[vc_section full_width=\u00a0\u00bbstretch_row\u00a0\u00bb background_color=\u00a0\u00bbprimary\u00a0\u00bb][vc_row][vc_column][tm_spacer size=\u00a0\u00bblg:130&Prime;][\/vc_column][\/vc_row][\/vc_section][vc_section][vc_row full_width=\u00a0\u00bbstretch_row\u00a0\u00bb separator_type=\u00a0\u00bbcurve\u00a0\u00bb separator_position=\u00a0\u00bbtop\u00a0\u00bb separator_color=\u00a0\u00bbprimary\u00a0\u00bb separator_height=\u00a0\u00bblg:40&Prime;][vc_column][tm_spacer size=\u00a0\u00bblg:80&Prime;][tm_heading tag=\u00a0\u00bbh2&Prime; custom_google_font=\u00a0\u00bb\u00a0\u00bb align=\u00a0\u00bbcenter\u00a0\u00bb text=\u00a0\u00bbImpressum\u00a0\u00bb][tm_spacer size=\u00a0\u00bblg:10&Prime;][tm_separator color=\u00a0\u00bbprimary\u00a0\u00bb align=\u00a0\u00bbcenter\u00a0\u00bb][tm_spacer size=\u00a0\u00bblg:60&Prime;][\/vc_column][\/vc_row][\/vc_section][vc_row][vc_column][vc_column_text]<\/p>\n<p style=\"font-weight: 400;\"><strong>RESPONSABLE SELON L&rsquo;ART. \u00a75 TMG<\/strong><\/p>\n<p style=\"font-weight: 400;\"><strong>Thomas Wegener<br \/>\n<\/strong>Weberstra\u00dfe 60<br \/>\n53113 Bonn<\/p>\n<p style=\"font-weight: 400;\">E-mail : info@masdeslavandes.de<br \/>\nT\u00e9l. : 01718110876<br \/>\nSite web : www.masdeslavandes.de<\/p>\n<p style=\"font-weight: 400;\"><strong>CLAUSE DE NON-RESPONSABILIT\u00c9 :<\/strong><\/p>\n<p style=\"font-weight: 400;\"><strong>Responsabilit\u00e9 pour le contenu<\/strong><\/p>\n<p style=\"font-weight: 400;\">Les contenus de nos pages ont \u00e9t\u00e9 \u00e9labor\u00e9s avec le plus grand soin. Nous ne pouvons toutefois pas garantir l&rsquo;exactitude, l&rsquo;exhaustivit\u00e9 et l&rsquo;actualit\u00e9 des contenus. En tant que prestataire de services, nous sommes responsables, conform\u00e9ment au \u00a7 7 alin\u00e9a 1 de la loi allemande sur les t\u00e9l\u00e9m\u00e9dias (TMG), de nos propres contenus sur ces pages selon les lois g\u00e9n\u00e9rales. Selon les \u00a7\u00a7 8 \u00e0 10 de la TMG, nous ne sommes toutefois pas tenus, en tant que prestataire de services, de surveiller les informations externes transmises ou enregistr\u00e9es ou de rechercher les circonstances qui indiquent une activit\u00e9 ill\u00e9gale. Les obligations de supprimer ou de bloquer l&rsquo;utilisation d&rsquo;informations conform\u00e9ment aux lois g\u00e9n\u00e9rales restent inchang\u00e9es. La responsabilit\u00e9 \u00e0 cet \u00e9gard n&rsquo;est toutefois possible qu&rsquo;\u00e0 partir du moment o\u00f9 une violation concr\u00e8te de la loi est connue. D\u00e8s la prise de connaissance d&rsquo;une telle violation, nous supprimerons imm\u00e9diatement les contenus concern\u00e9s.<\/p>\n<p style=\"font-weight: 400;\"><strong>Responsabilit\u00e9 pour les liens<\/strong><\/p>\n<p style=\"font-weight: 400;\">Notre site contient des liens qui renvoient \u00e0 des sites Internet externes de tiers sur lesquels nous n&rsquo;avons aucune influence. Par cons\u00e9quent, nous ne pouvons pas non plus nous porter garants de ces contenus externes. Le fournisseur ou l&rsquo;exploitant des pages li\u00e9es est toujours responsable de leur contenu. Les pages li\u00e9es ont \u00e9t\u00e9 contr\u00f4l\u00e9es au moment de la cr\u00e9ation du lien afin de v\u00e9rifier qu&rsquo;elles ne pr\u00e9sentaient pas d&rsquo;infraction \u00e0 la loi. Aucun contenu ill\u00e9gal n&rsquo;a \u00e9t\u00e9 identifi\u00e9 au moment de la cr\u00e9ation du lien. Un contr\u00f4le permanent du contenu des pages li\u00e9es n&rsquo;est cependant pas exigible sans indices concrets d&rsquo;une violation de la loi. En cas de prise de connaissance de violations de la loi, nous supprimerons imm\u00e9diatement de tels liens.<\/p>\n<p>[\/vc_column_text][\/vc_column][\/vc_row]<\/p>\n<\/div>","protected":false},"excerpt":{"rendered":"<p>[vc_section full_width=\u00a0\u00bbstretch_row\u00a0\u00bb background_color=\u00a0\u00bbprimary\u00a0\u00bb][vc_row][vc_column][tm_spacer size=\u00a0\u00bblg:130&Prime;][\/vc_column][\/vc_row][\/vc_section][vc_section][vc_row full_width=\u00a0\u00bbstretch_row\u00a0\u00bb separator_type=\u00a0\u00bbcurve\u00a0\u00bb separator_position=\u00a0\u00bbtop\u00a0\u00bb separator_color=\u00a0\u00bbprimary\u00a0\u00bb separator_height=\u00a0\u00bblg:40&Prime;][vc_column][tm_spacer size=\u00a0\u00bblg:80&Prime;][tm_heading tag=\u00a0\u00bbh2&Prime; custom_google_font=\u00a0\u00bb\u00a0\u00bb align=\u00a0\u00bbcenter\u00a0\u00bb text=\u00a0\u00bbImpressum\u00a0\u00bb][tm_spacer size=\u00a0\u00bblg:10&Prime;][tm_separator color=\u00a0\u00bbprimary\u00a0\u00bb align=\u00a0\u00bbcenter\u00a0\u00bb][tm_spacer size=\u00a0\u00bblg:60&Prime;][\/vc_column][\/vc_row][\/vc_section][vc_row][vc_column][vc_column_text] RESPONSABLE SELON L&rsquo;ART. \u00a75 TMG Thomas Wegener Weberstra\u00dfe 60 53113 Bonn E-mail : info@masdeslavandes.de T\u00e9l. : 01718110876 Site web : www.masdeslavandes.de CLAUSE DE NON-RESPONSABILIT\u00c9 : Responsabilit\u00e9 pour le contenu Les contenus de nos pages ont \u00e9t\u00e9 \u00e9labor\u00e9s avec le plus grand soin. Nous ne pouvons toutefois pas garantir l&rsquo;exactitude, l&rsquo;exhaustivit\u00e9 et l&rsquo;actualit\u00e9 des contenus. En tant que prestataire de services, nous sommes responsables, conform\u00e9ment au \u00a7 7 alin\u00e9a 1 de la loi allemande sur les t\u00e9l\u00e9m\u00e9dias (TMG), de nos propres contenus sur ces pages selon les lois g\u00e9n\u00e9rales. Selon les \u00a7\u00a7 8 \u00e0 10 de la TMG, nous ne sommes toutefois pas tenus, en tant que prestataire de services, de surveiller les informations externes transmises ou enregistr\u00e9es ou de rechercher les circonstances qui indiquent une activit\u00e9 ill\u00e9gale. Les obligations de supprimer ou de bloquer l&rsquo;utilisation d&rsquo;informations conform\u00e9ment aux lois g\u00e9n\u00e9rales restent inchang\u00e9es. La responsabilit\u00e9 \u00e0 cet \u00e9gard n&rsquo;est toutefois possible qu&rsquo;\u00e0 partir du moment o\u00f9 une violation concr\u00e8te de la loi est connue. D\u00e8s la prise de connaissance d&rsquo;une telle violation, nous supprimerons imm\u00e9diatement les contenus concern\u00e9s. Responsabilit\u00e9 pour les liens Notre site contient des liens qui renvoient \u00e0 des sites Internet externes de tiers sur lesquels nous n&rsquo;avons aucune influence. Par cons\u00e9quent, nous ne pouvons pas non plus nous porter garants de ces contenus externes. Le fournisseur ou l&rsquo;exploitant des pages li\u00e9es est toujours responsable de leur contenu. Les pages li\u00e9es ont \u00e9t\u00e9 contr\u00f4l\u00e9es au moment de la cr\u00e9ation du lien afin de v\u00e9rifier qu&rsquo;elles ne pr\u00e9sentaient pas d&rsquo;infraction \u00e0 la loi. Aucun contenu ill\u00e9gal n&rsquo;a \u00e9t\u00e9 identifi\u00e9 au moment de la cr\u00e9ation du lien. Un contr\u00f4le permanent du contenu des pages li\u00e9es n&rsquo;est cependant pas exigible sans indices concrets d&rsquo;une violation de la loi. En cas de prise de connaissance de violations de la loi, nous supprimerons imm\u00e9diatement de tels liens. [\/vc_column_text][\/vc_column][\/vc_row]<\/p>\n","protected":false},"author":1,"featured_media":0,"parent":0,"menu_order":0,"comment_status":"closed","ping_status":"closed","template":"","meta":{"footnotes":""},"class_list":["post-7353","page","type-page","status-publish","hentry","post-no-thumbnail"],"yoast_head":"<!-- This site is optimized with the Yoast SEO plugin v27.3 - https:\/\/yoast.com\/product\/yoast-seo-wordpress\/ -->\n<title>Mas des lavandes - Impressum<\/title>\n<meta name=\"description\" content=\"Notre villa situ\u00e9e en Provence fran\u00e7aise offre calme et repos. Profitez d&#039;un verre de vin au bord de la piscine ou fl\u00e2nez dans les magnifiques environs. R\u00e9servez maintenant !\" \/>\n<meta name=\"robots\" content=\"index, follow, max-snippet:-1, max-image-preview:large, max-video-preview:-1\" \/>\n<link rel=\"canonical\" href=\"https:\/\/masdeslavandes.de\/fr\/impressum\/\" \/>\n<meta property=\"og:locale\" content=\"fr_FR\" \/>\n<meta property=\"og:type\" content=\"article\" \/>\n<meta property=\"og:title\" content=\"Mas des lavandes - Impressum\" \/>\n<meta property=\"og:description\" content=\"Notre villa situ\u00e9e en Provence fran\u00e7aise offre calme et repos. Profitez d&#039;un verre de vin au bord de la piscine ou fl\u00e2nez dans les magnifiques environs. R\u00e9servez maintenant !\" \/>\n<meta property=\"og:url\" content=\"https:\/\/masdeslavandes.de\/fr\/impressum\/\" \/>\n<meta property=\"og:site_name\" content=\"Mas des lavandes\" \/>\n<meta property=\"article:modified_time\" content=\"2023-01-11T17:37:55+00:00\" \/>\n<meta name=\"twitter:card\" content=\"summary_large_image\" \/>\n<meta name=\"twitter:label1\" content=\"Dur\u00e9e de lecture estim\u00e9e\" \/>\n\t<meta name=\"twitter:data1\" content=\"2 minutes\" \/>\n<script type=\"application\/ld+json\" class=\"yoast-schema-graph\">{\"@context\":\"https:\\\/\\\/schema.org\",\"@graph\":[{\"@type\":\"WebPage\",\"@id\":\"https:\\\/\\\/masdeslavandes.de\\\/fr\\\/impressum\\\/\",\"url\":\"https:\\\/\\\/masdeslavandes.de\\\/fr\\\/impressum\\\/\",\"name\":\"Mas des lavandes - Impressum\",\"isPartOf\":{\"@id\":\"https:\\\/\\\/masdeslavandes.de\\\/fr\\\/#website\"},\"datePublished\":\"2021-12-31T23:35:01+00:00\",\"dateModified\":\"2023-01-11T17:37:55+00:00\",\"description\":\"Notre villa situ\u00e9e en Provence fran\u00e7aise offre calme et repos. Profitez d'un verre de vin au bord de la piscine ou fl\u00e2nez dans les magnifiques environs. R\u00e9servez maintenant !\",\"breadcrumb\":{\"@id\":\"https:\\\/\\\/masdeslavandes.de\\\/fr\\\/impressum\\\/#breadcrumb\"},\"inLanguage\":\"fr-FR\",\"potentialAction\":[{\"@type\":\"ReadAction\",\"target\":[\"https:\\\/\\\/masdeslavandes.de\\\/fr\\\/impressum\\\/\"]}]},{\"@type\":\"BreadcrumbList\",\"@id\":\"https:\\\/\\\/masdeslavandes.de\\\/fr\\\/impressum\\\/#breadcrumb\",\"itemListElement\":[{\"@type\":\"ListItem\",\"position\":1,\"name\":\"Startseite\",\"item\":\"https:\\\/\\\/masdeslavandes.de\\\/fr\\\/\"},{\"@type\":\"ListItem\",\"position\":2,\"name\":\"Impressum\"}]},{\"@type\":\"WebSite\",\"@id\":\"https:\\\/\\\/masdeslavandes.de\\\/fr\\\/#website\",\"url\":\"https:\\\/\\\/masdeslavandes.de\\\/fr\\\/\",\"name\":\"Mas des lavandes\",\"description\":\"Vacances en Provence fran\u00e7aise\",\"publisher\":{\"@id\":\"https:\\\/\\\/masdeslavandes.de\\\/fr\\\/#organization\"},\"potentialAction\":[{\"@type\":\"SearchAction\",\"target\":{\"@type\":\"EntryPoint\",\"urlTemplate\":\"https:\\\/\\\/masdeslavandes.de\\\/fr\\\/?s={search_term_string}\"},\"query-input\":{\"@type\":\"PropertyValueSpecification\",\"valueRequired\":true,\"valueName\":\"search_term_string\"}}],\"inLanguage\":\"fr-FR\"},{\"@type\":\"Organization\",\"@id\":\"https:\\\/\\\/masdeslavandes.de\\\/fr\\\/#organization\",\"name\":\"Ferienhaus Maison de cerisier\",\"url\":\"https:\\\/\\\/masdeslavandes.de\\\/fr\\\/\",\"logo\":{\"@type\":\"ImageObject\",\"inLanguage\":\"fr-FR\",\"@id\":\"https:\\\/\\\/masdeslavandes.de\\\/fr\\\/#\\\/schema\\\/logo\\\/image\\\/\",\"url\":\"https:\\\/\\\/masdeslavandes.de\\\/wp-content\\\/uploads\\\/2022\\\/07\\\/Logo_Mas_des_Lavendel_dark.png\",\"contentUrl\":\"https:\\\/\\\/masdeslavandes.de\\\/wp-content\\\/uploads\\\/2022\\\/07\\\/Logo_Mas_des_Lavendel_dark.png\",\"width\":544,\"height\":200,\"caption\":\"Ferienhaus Maison de cerisier\"},\"image\":{\"@id\":\"https:\\\/\\\/masdeslavandes.de\\\/fr\\\/#\\\/schema\\\/logo\\\/image\\\/\"}}]}<\/script>\n<!-- \/ Yoast SEO plugin. -->","yoast_head_json":{"title":"Mas des lavandes - Impressum","description":"Notre villa situ\u00e9e en Provence fran\u00e7aise offre calme et repos. Profitez d'un verre de vin au bord de la piscine ou fl\u00e2nez dans les magnifiques environs. R\u00e9servez maintenant !","robots":{"index":"index","follow":"follow","max-snippet":"max-snippet:-1","max-image-preview":"max-image-preview:large","max-video-preview":"max-video-preview:-1"},"canonical":"https:\/\/masdeslavandes.de\/fr\/impressum\/","og_locale":"fr_FR","og_type":"article","og_title":"Mas des lavandes - Impressum","og_description":"Notre villa situ\u00e9e en Provence fran\u00e7aise offre calme et repos. Profitez d'un verre de vin au bord de la piscine ou fl\u00e2nez dans les magnifiques environs. R\u00e9servez maintenant !","og_url":"https:\/\/masdeslavandes.de\/fr\/impressum\/","og_site_name":"Mas des lavandes","article_modified_time":"2023-01-11T17:37:55+00:00","twitter_card":"summary_large_image","twitter_misc":{"Dur\u00e9e de lecture estim\u00e9e":"2 minutes"},"schema":{"@context":"https:\/\/schema.org","@graph":[{"@type":"WebPage","@id":"https:\/\/masdeslavandes.de\/fr\/impressum\/","url":"https:\/\/masdeslavandes.de\/fr\/impressum\/","name":"Mas des lavandes - Impressum","isPartOf":{"@id":"https:\/\/masdeslavandes.de\/fr\/#website"},"datePublished":"2021-12-31T23:35:01+00:00","dateModified":"2023-01-11T17:37:55+00:00","description":"Notre villa situ\u00e9e en Provence fran\u00e7aise offre calme et repos. Profitez d'un verre de vin au bord de la piscine ou fl\u00e2nez dans les magnifiques environs. R\u00e9servez maintenant !","breadcrumb":{"@id":"https:\/\/masdeslavandes.de\/fr\/impressum\/#breadcrumb"},"inLanguage":"fr-FR","potentialAction":[{"@type":"ReadAction","target":["https:\/\/masdeslavandes.de\/fr\/impressum\/"]}]},{"@type":"BreadcrumbList","@id":"https:\/\/masdeslavandes.de\/fr\/impressum\/#breadcrumb","itemListElement":[{"@type":"ListItem","position":1,"name":"Startseite","item":"https:\/\/masdeslavandes.de\/fr\/"},{"@type":"ListItem","position":2,"name":"Impressum"}]},{"@type":"WebSite","@id":"https:\/\/masdeslavandes.de\/fr\/#website","url":"https:\/\/masdeslavandes.de\/fr\/","name":"Mas des lavandes","description":"Vacances en Provence fran\u00e7aise","publisher":{"@id":"https:\/\/masdeslavandes.de\/fr\/#organization"},"potentialAction":[{"@type":"SearchAction","target":{"@type":"EntryPoint","urlTemplate":"https:\/\/masdeslavandes.de\/fr\/?s={search_term_string}"},"query-input":{"@type":"PropertyValueSpecification","valueRequired":true,"valueName":"search_term_string"}}],"inLanguage":"fr-FR"},{"@type":"Organization","@id":"https:\/\/masdeslavandes.de\/fr\/#organization","name":"Ferienhaus Maison de cerisier","url":"https:\/\/masdeslavandes.de\/fr\/","logo":{"@type":"ImageObject","inLanguage":"fr-FR","@id":"https:\/\/masdeslavandes.de\/fr\/#\/schema\/logo\/image\/","url":"https:\/\/masdeslavandes.de\/wp-content\/uploads\/2022\/07\/Logo_Mas_des_Lavendel_dark.png","contentUrl":"https:\/\/masdeslavandes.de\/wp-content\/uploads\/2022\/07\/Logo_Mas_des_Lavendel_dark.png","width":544,"height":200,"caption":"Ferienhaus Maison de cerisier"},"image":{"@id":"https:\/\/masdeslavandes.de\/fr\/#\/schema\/logo\/image\/"}}]}},"_links":{"self":[{"href":"https:\/\/masdeslavandes.de\/fr\/wp-json\/wp\/v2\/pages\/7353","targetHints":{"allow":["GET"]}}],"collection":[{"href":"https:\/\/masdeslavandes.de\/fr\/wp-json\/wp\/v2\/pages"}],"about":[{"href":"https:\/\/masdeslavandes.de\/fr\/wp-json\/wp\/v2\/types\/page"}],"author":[{"embeddable":true,"href":"https:\/\/masdeslavandes.de\/fr\/wp-json\/wp\/v2\/users\/1"}],"replies":[{"embeddable":true,"href":"https:\/\/masdeslavandes.de\/fr\/wp-json\/wp\/v2\/comments?post=7353"}],"version-history":[{"count":4,"href":"https:\/\/masdeslavandes.de\/fr\/wp-json\/wp\/v2\/pages\/7353\/revisions"}],"predecessor-version":[{"id":7357,"href":"https:\/\/masdeslavandes.de\/fr\/wp-json\/wp\/v2\/pages\/7353\/revisions\/7357"}],"wp:attachment":[{"href":"https:\/\/masdeslavandes.de\/fr\/wp-json\/wp\/v2\/media?parent=7353"}],"curies":[{"name":"wp","href":"https:\/\/api.w.org\/{rel}","templated":true}]}}