{"id":7332,"date":"2018-09-05T09:49:56","date_gmt":"2018-09-05T07:49:56","guid":{"rendered":"https:\/\/masdeslavandes.de\/home\/"},"modified":"2024-03-05T14:39:49","modified_gmt":"2024-03-05T13:39:49","slug":"home","status":"publish","type":"page","link":"https:\/\/masdeslavandes.de\/fr\/","title":{"rendered":"Home"},"content":{"rendered":"<div class=\"wpb-content-wrapper\"><p>[vc_section full_width=\u00a0\u00bbstretch_row_content\u00a0\u00bb full_height=\u00a0\u00bbyes\u00a0\u00bb disable_element=\u00a0\u00bbyes\u00a0\u00bb background_image=\u00a0\u00bb6603&Prime; background_position=\u00a0\u00bbcenter center\u00a0\u00bb][vc_row full_width=\u00a0\u00bbstretch_row\u00a0\u00bb separator_type=\u00a0\u00bbcurve\u00a0\u00bb separator_position=\u00a0\u00bbtop\u00a0\u00bb separator_color=\u00a0\u00bbprimary\u00a0\u00bb separator_height=\u00a0\u00bblg:40&Prime;][vc_column offset=\u00a0\u00bbvc_hidden-lg vc_hidden-md vc_hidden-sm\u00a0\u00bb][tm_spacer size=\u00a0\u00bbxs:400&Prime;][tm_button button=\u00a0\u00bburl:https%3A%2F%2Fmasdeslavandes.de%2Fbuchen%2F|title:Jetzt%20buchen\u00a0\u00bb align=\u00a0\u00bbcenter\u00a0\u00bb][\/vc_column][\/vc_row][\/vc_section][vc_section full_width=\u00a0\u00bbstretch_row_content\u00a0\u00bb el_id=\u00a0\u00bbueber\u00a0\u00bb][vc_row full_width=\u00a0\u00bbstretch_row\u00a0\u00bb separator_type=\u00a0\u00bbcurve\u00a0\u00bb separator_color=\u00a0\u00bbprimary\u00a0\u00bb lg_spacing=\u00a0\u00bbpadding_top:-40&Prime; separator_height=\u00a0\u00bblg:40&Prime;][vc_column][\/vc_column][\/vc_row][\/vc_section][vc_section][vc_row full_width=\u00a0\u00bbstretch_row\u00a0\u00bb content_placement=\u00a0\u00bbmiddle\u00a0\u00bb separator_type=\u00a0\u00bbcurve\u00a0\u00bb separator_position=\u00a0\u00bbtop\u00a0\u00bb separator_color=\u00a0\u00bbprimary\u00a0\u00bb separator_height=\u00a0\u00bblg:40&Prime;][vc_column width=\u00a0\u00bb1\/2&Prime;][tm_spacer size=\u00a0\u00bblg:120&Prime;][tm_image align=\u00a0\u00bbright\u00a0\u00bb sm_align=\u00a0\u00bbcenter\u00a0\u00bb image=\u00a0\u00bb7687&Prime; lg_spacing=\u00a0\u00bbmargin_left:-30&Prime; md_spacing=\u00a0\u00bbmargin_left:0&Prime;][tm_spacer size=\u00a0\u00bblg:28&Prime;][\/vc_column][vc_column width=\u00a0\u00bb1\/2&Prime;][tm_spacer size=\u00a0\u00bbsm:20;lg:90&Prime;][tm_image align=\u00a0\u00bbcenter\u00a0\u00bb image=\u00a0\u00bb6953&Prime;][tm_spacer size=\u00a0\u00bblg:30&Prime;][tm_heading tag=\u00a0\u00bbh2&Prime; custom_google_font=\u00a0\u00bb\u00a0\u00bb font_weight=\u00a0\u00bb600&Prime; align=\u00a0\u00bbcenter\u00a0\u00bb xs_align=\u00a0\u00bbcenter\u00a0\u00bb text=\u00a0\u00bbVous recherchez le calme et l&rsquo;ambiance de la Provence ?\u00a0\u00bb line_height=\u00a0\u00bb1.2&Prime; font_size=\u00a0\u00bblg:36&Prime;][tm_spacer size=\u00a0\u00bblg:17&Prime;][tm_heading tag=\u00a0\u00bbdiv\u00a0\u00bb custom_google_font=\u00a0\u00bb\u00a0\u00bb align=\u00a0\u00bbcenter\u00a0\u00bb xs_align=\u00a0\u00bbcenter\u00a0\u00bb text=\u00a0\u00bbVos enfants aiment plonger dans la piscine, tandis que les adultes savourent un verre de vin et se prom\u00e8nent le soir dans Aix-en-Provence ? Voil\u00e0 ce qui vous attend lors de vos vacances dans cette belle villa proven\u00e7ale situ\u00e9e au calme dans le village de Saint Cannat. L&rsquo;endroit id\u00e9al pour un s\u00e9jour de d\u00e9tente. Chaque h\u00f4te trouvera son compte dans le grand jardin.\u00a0\u00bb line_height=\u00a0\u00bb1.84&Prime;][tm_spacer size=\u00a0\u00bblg:30&Prime;][\/vc_column][\/vc_row][vc_row content_placement=\u00a0\u00bbmiddle\u00a0\u00bb][vc_column width=\u00a0\u00bb1\/2&Prime;][tm_spacer size=\u00a0\u00bbsm:20;lg:40&Prime;][tm_heading tag=\u00a0\u00bbh1&Prime; custom_google_font=\u00a0\u00bb\u00a0\u00bb align=\u00a0\u00bbcenter\u00a0\u00bb xs_align=\u00a0\u00bbcenter\u00a0\u00bb line_height=\u00a0\u00bb1.2&Prime; text=\u00a0\u00bbLa villa \u00ab\u00a0Mas des Lavandes\u00ab\u00a0\u00a0\u00bb font_size=\u00a0\u00bblg:50&Prime;][tm_heading tag=\u00a0\u00bbdiv\u00a0\u00bb custom_google_font=\u00a0\u00bb\u00a0\u00bb align=\u00a0\u00bbcenter\u00a0\u00bb xs_align=\u00a0\u00bbcenter\u00a0\u00bb line_height=\u00a0\u00bb1.84&Prime; text=\u00a0\u00bb&#8230; vous offre deux grands \u00e9tages. Id\u00e9al pour les couples d&rsquo;amis ou pour les familles de trois g\u00e9n\u00e9rations. La r\u00e9partition avec le spacieux salon-salle \u00e0 manger et la cuisine ouverte au rez-de-chauss\u00e9e, les 2 chambres au rez-de-chauss\u00e9e, les 3 chambres et une salle de douche \u00e0 l&rsquo;\u00e9tage. La vaste terrasse est l&rsquo;endroit id\u00e9al pour prendre un long petit d\u00e9jeuner ou un agr\u00e9able d\u00eener.\u00a0\u00bb][tm_spacer size=\u00a0\u00bblg:17&Prime;][tm_heading tag=\u00a0\u00bbdiv\u00a0\u00bb custom_google_font=\u00a0\u00bb\u00a0\u00bb align=\u00a0\u00bbcenter\u00a0\u00bb xs_align=\u00a0\u00bbcenter\u00a0\u00bb line_height=\u00a0\u00bb1.84&Prime; text=\u00a0\u00bbAu \u00ab\u00a0Mas des lavandes\u00ab\u00a0, 10 personnes peuvent vivre, aimer, rire, jouer et se d\u00e9tendre sur environ 250 m\u00b2. Au besoin, nous mettons gratuitement \u00e0 votre disposition une chaise haute et un lit b\u00e9b\u00e9, avec les draps. La maison dispose bien s\u00fbr aussi d&rsquo;une connexion WiFi et autres conforts techniques.\u00a0\u00bb][tm_spacer size=\u00a0\u00bblg:30&Prime;][\/vc_column][vc_column width=\u00a0\u00bb1\/2&Prime; lg_spacing=\u00a0\u00bbpadding_right:30&Prime; xs_spacing=\u00a0\u00bbpadding_right:15&Prime;][tm_spacer size=\u00a0\u00bblg:40&Prime;][tm_image align=\u00a0\u00bbright\u00a0\u00bb sm_align=\u00a0\u00bbcenter\u00a0\u00bb image=\u00a0\u00bb7690&Prime; lg_spacing=\u00a0\u00bbmargin_right:-30&Prime; md_spacing=\u00a0\u00bbmargin_right:0&Prime;][tm_spacer size=\u00a0\u00bblg:28&Prime;][\/vc_column][\/vc_row][vc_row][vc_column][vc_row_inner][vc_column_inner][tm_spacer size=\u00a0\u00bblg:50&Prime;][\/vc_column_inner][\/vc_row_inner][vc_row_inner][vc_column_inner width=\u00a0\u00bb1\/2&Prime;][tm_button button=\u00a0\u00bburl:https%3A%2F%2Fmasdeslavandes.de%2Ffr%2Fmaison%2F|title:En%20savoir%20plus%20sur%20la%20maison&#8230;\u00a0\u00bb align=\u00a0\u00bbright\u00a0\u00bb xs_align=\u00a0\u00bbcenter\u00a0\u00bb][tm_spacer size=\u00a0\u00bblg:20&Prime;][\/vc_column_inner][vc_column_inner width=\u00a0\u00bb1\/2&Prime;][tm_button button=\u00a0\u00bburl:https%3A%2F%2Fmasdeslavandes.de%2Ffr%2Freservez%2F|title:R%C3%A9servez%20maintenant%20!\u00a0\u00bb xs_align=\u00a0\u00bbcenter\u00a0\u00bb][\/vc_column_inner][\/vc_row_inner][\/vc_column][\/vc_row][\/vc_section][vc_row][vc_column][tm_spacer size=\u00a0\u00bblg:80&Prime;][\/vc_column][\/vc_row]<\/p>\n<\/div>","protected":false},"excerpt":{"rendered":"<p>[vc_section full_width=\u00a0\u00bbstretch_row_content\u00a0\u00bb full_height=\u00a0\u00bbyes\u00a0\u00bb disable_element=\u00a0\u00bbyes\u00a0\u00bb background_image=\u00a0\u00bb6603&Prime; background_position=\u00a0\u00bbcenter center\u00a0\u00bb][vc_row full_width=\u00a0\u00bbstretch_row\u00a0\u00bb separator_type=\u00a0\u00bbcurve\u00a0\u00bb separator_position=\u00a0\u00bbtop\u00a0\u00bb separator_color=\u00a0\u00bbprimary\u00a0\u00bb separator_height=\u00a0\u00bblg:40&Prime;][vc_column offset=\u00a0\u00bbvc_hidden-lg vc_hidden-md vc_hidden-sm\u00a0\u00bb][tm_spacer size=\u00a0\u00bbxs:400&Prime;][tm_button button=\u00a0\u00bburl:https%3A%2F%2Fmasdeslavandes.de%2Fbuchen%2F|title:Jetzt%20buchen\u00a0\u00bb align=\u00a0\u00bbcenter\u00a0\u00bb][\/vc_column][\/vc_row][\/vc_section][vc_section full_width=\u00a0\u00bbstretch_row_content\u00a0\u00bb el_id=\u00a0\u00bbueber\u00a0\u00bb][vc_row full_width=\u00a0\u00bbstretch_row\u00a0\u00bb separator_type=\u00a0\u00bbcurve\u00a0\u00bb separator_color=\u00a0\u00bbprimary\u00a0\u00bb lg_spacing=\u00a0\u00bbpadding_top:-40&Prime; separator_height=\u00a0\u00bblg:40&Prime;][vc_column][\/vc_column][\/vc_row][\/vc_section][vc_section][vc_row full_width=\u00a0\u00bbstretch_row\u00a0\u00bb content_placement=\u00a0\u00bbmiddle\u00a0\u00bb separator_type=\u00a0\u00bbcurve\u00a0\u00bb separator_position=\u00a0\u00bbtop\u00a0\u00bb separator_color=\u00a0\u00bbprimary\u00a0\u00bb separator_height=\u00a0\u00bblg:40&Prime;][vc_column width=\u00a0\u00bb1\/2&Prime;][tm_spacer size=\u00a0\u00bblg:120&Prime;][tm_image align=\u00a0\u00bbright\u00a0\u00bb sm_align=\u00a0\u00bbcenter\u00a0\u00bb image=\u00a0\u00bb7687&Prime; lg_spacing=\u00a0\u00bbmargin_left:-30&Prime; md_spacing=\u00a0\u00bbmargin_left:0&Prime;][tm_spacer size=\u00a0\u00bblg:28&Prime;][\/vc_column][vc_column width=\u00a0\u00bb1\/2&Prime;][tm_spacer size=\u00a0\u00bbsm:20;lg:90&Prime;][tm_image align=\u00a0\u00bbcenter\u00a0\u00bb image=\u00a0\u00bb6953&Prime;][tm_spacer size=\u00a0\u00bblg:30&Prime;][tm_heading tag=\u00a0\u00bbh2&Prime; custom_google_font=\u00a0\u00bb\u00a0\u00bb font_weight=\u00a0\u00bb600&Prime; align=\u00a0\u00bbcenter\u00a0\u00bb xs_align=\u00a0\u00bbcenter\u00a0\u00bb text=\u00a0\u00bbVous recherchez le calme et l&rsquo;ambiance de la Provence ?\u00a0\u00bb line_height=\u00a0\u00bb1.2&Prime; font_size=\u00a0\u00bblg:36&Prime;][tm_spacer size=\u00a0\u00bblg:17&Prime;][tm_heading tag=\u00a0\u00bbdiv\u00a0\u00bb custom_google_font=\u00a0\u00bb\u00a0\u00bb align=\u00a0\u00bbcenter\u00a0\u00bb xs_align=\u00a0\u00bbcenter\u00a0\u00bb text=\u00a0\u00bbVos enfants aiment plonger dans la piscine, tandis que les adultes savourent un verre de vin et se prom\u00e8nent le soir dans Aix-en-Provence ? Voil\u00e0 ce qui vous attend lors de vos vacances dans cette belle villa proven\u00e7ale situ\u00e9e au calme dans le village de Saint Cannat. L&rsquo;endroit id\u00e9al pour un s\u00e9jour de d\u00e9tente. Chaque h\u00f4te trouvera son compte dans le grand jardin.\u00a0\u00bb line_height=\u00a0\u00bb1.84&Prime;][tm_spacer size=\u00a0\u00bblg:30&Prime;][\/vc_column][\/vc_row][vc_row content_placement=\u00a0\u00bbmiddle\u00a0\u00bb][vc_column width=\u00a0\u00bb1\/2&Prime;][tm_spacer size=\u00a0\u00bbsm:20;lg:40&Prime;][tm_heading tag=\u00a0\u00bbh1&Prime; custom_google_font=\u00a0\u00bb\u00a0\u00bb align=\u00a0\u00bbcenter\u00a0\u00bb xs_align=\u00a0\u00bbcenter\u00a0\u00bb line_height=\u00a0\u00bb1.2&Prime; text=\u00a0\u00bbLa villa \u00ab\u00a0Mas des Lavandes\u00ab\u00a0\u00a0\u00bb font_size=\u00a0\u00bblg:50&Prime;][tm_heading tag=\u00a0\u00bbdiv\u00a0\u00bb custom_google_font=\u00a0\u00bb\u00a0\u00bb align=\u00a0\u00bbcenter\u00a0\u00bb xs_align=\u00a0\u00bbcenter\u00a0\u00bb line_height=\u00a0\u00bb1.84&Prime; text=\u00a0\u00bb&#8230; vous offre deux grands \u00e9tages. Id\u00e9al pour les couples d&rsquo;amis ou pour les familles de trois g\u00e9n\u00e9rations. La r\u00e9partition avec le spacieux salon-salle \u00e0 manger et la cuisine ouverte au rez-de-chauss\u00e9e, les 2 chambres au rez-de-chauss\u00e9e, les 3 chambres et une salle de douche \u00e0 l&rsquo;\u00e9tage. La vaste terrasse est l&rsquo;endroit id\u00e9al pour prendre un long petit d\u00e9jeuner ou un agr\u00e9able d\u00eener.\u00a0\u00bb][tm_spacer size=\u00a0\u00bblg:17&Prime;][tm_heading tag=\u00a0\u00bbdiv\u00a0\u00bb custom_google_font=\u00a0\u00bb\u00a0\u00bb align=\u00a0\u00bbcenter\u00a0\u00bb xs_align=\u00a0\u00bbcenter\u00a0\u00bb line_height=\u00a0\u00bb1.84&Prime; text=\u00a0\u00bbAu \u00ab\u00a0Mas des lavandes\u00ab\u00a0, 10 personnes peuvent vivre, aimer, rire, jouer et se d\u00e9tendre sur environ 250 m\u00b2. Au besoin, nous mettons gratuitement \u00e0 votre disposition une chaise haute et un lit b\u00e9b\u00e9, avec les draps. La maison dispose bien s\u00fbr aussi d&rsquo;une connexion WiFi et autres conforts techniques.\u00a0\u00bb][tm_spacer size=\u00a0\u00bblg:30&Prime;][\/vc_column][vc_column width=\u00a0\u00bb1\/2&Prime; lg_spacing=\u00a0\u00bbpadding_right:30&Prime; xs_spacing=\u00a0\u00bbpadding_right:15&Prime;][tm_spacer size=\u00a0\u00bblg:40&Prime;][tm_image align=\u00a0\u00bbright\u00a0\u00bb sm_align=\u00a0\u00bbcenter\u00a0\u00bb image=\u00a0\u00bb7690&Prime; lg_spacing=\u00a0\u00bbmargin_right:-30&Prime; md_spacing=\u00a0\u00bbmargin_right:0&Prime;][tm_spacer size=\u00a0\u00bblg:28&Prime;][\/vc_column][\/vc_row][vc_row][vc_column][vc_row_inner][vc_column_inner][tm_spacer size=\u00a0\u00bblg:50&Prime;][\/vc_column_inner][\/vc_row_inner][vc_row_inner][vc_column_inner width=\u00a0\u00bb1\/2&Prime;][tm_button button=\u00a0\u00bburl:https%3A%2F%2Fmasdeslavandes.de%2Ffr%2Fmaison%2F|title:En%20savoir%20plus%20sur%20la%20maison&#8230;\u00a0\u00bb align=\u00a0\u00bbright\u00a0\u00bb xs_align=\u00a0\u00bbcenter\u00a0\u00bb][tm_spacer size=\u00a0\u00bblg:20&Prime;][\/vc_column_inner][vc_column_inner width=\u00a0\u00bb1\/2&Prime;][tm_button button=\u00a0\u00bburl:https%3A%2F%2Fmasdeslavandes.de%2Ffr%2Freservez%2F|title:R%C3%A9servez%20maintenant%20!\u00a0\u00bb xs_align=\u00a0\u00bbcenter\u00a0\u00bb][\/vc_column_inner][\/vc_row_inner][\/vc_column][\/vc_row][\/vc_section][vc_row][vc_column][tm_spacer size=\u00a0\u00bblg:80&Prime;][\/vc_column][\/vc_row]<\/p>\n","protected":false},"author":1,"featured_media":0,"parent":0,"menu_order":0,"comment_status":"closed","ping_status":"closed","template":"","meta":{"footnotes":""},"class_list":["post-7332","page","type-page","status-publish","hentry","post-no-thumbnail"],"yoast_head":"<!-- This site is optimized with the Yoast SEO plugin v27.3 - https:\/\/yoast.com\/product\/yoast-seo-wordpress\/ -->\n<title>Mas des lavandes - Vacances en Provence fran\u00e7aise<\/title>\n<meta name=\"description\" content=\"Notre villa situ\u00e9e en Provence fran\u00e7aise offre calme et repos. Profitez d&#039;un verre de vin au bord de la piscine ou fl\u00e2nez dans les magnifiques environs. R\u00e9servez maintenant !\" \/>\n<meta name=\"robots\" content=\"index, follow, max-snippet:-1, max-image-preview:large, max-video-preview:-1\" \/>\n<link rel=\"canonical\" href=\"https:\/\/masdeslavandes.de\/fr\/\" \/>\n<meta property=\"og:locale\" content=\"fr_FR\" \/>\n<meta property=\"og:type\" content=\"article\" \/>\n<meta property=\"og:title\" content=\"Mas des lavandes - Vacances en Provence fran\u00e7aise\" \/>\n<meta property=\"og:description\" content=\"Notre villa situ\u00e9e en Provence fran\u00e7aise offre calme et repos. Profitez d&#039;un verre de vin au bord de la piscine ou fl\u00e2nez dans les magnifiques environs. R\u00e9servez maintenant !\" \/>\n<meta property=\"og:url\" content=\"https:\/\/masdeslavandes.de\/fr\/\" \/>\n<meta property=\"og:site_name\" content=\"Mas des lavandes\" \/>\n<meta property=\"article:modified_time\" content=\"2024-03-05T13:39:49+00:00\" \/>\n<meta name=\"twitter:card\" content=\"summary_large_image\" \/>\n<meta name=\"twitter:label1\" content=\"Dur\u00e9e de lecture estim\u00e9e\" \/>\n\t<meta name=\"twitter:data1\" content=\"3 minutes\" \/>\n<script type=\"application\/ld+json\" class=\"yoast-schema-graph\">{\"@context\":\"https:\\\/\\\/schema.org\",\"@graph\":[{\"@type\":\"WebPage\",\"@id\":\"https:\\\/\\\/masdeslavandes.de\\\/fr\\\/\",\"url\":\"https:\\\/\\\/masdeslavandes.de\\\/fr\\\/\",\"name\":\"Mas des lavandes - Vacances en Provence fran\u00e7aise\",\"isPartOf\":{\"@id\":\"https:\\\/\\\/masdeslavandes.de\\\/fr\\\/#website\"},\"datePublished\":\"2018-09-05T07:49:56+00:00\",\"dateModified\":\"2024-03-05T13:39:49+00:00\",\"description\":\"Notre villa situ\u00e9e en Provence fran\u00e7aise offre calme et repos. Profitez d'un verre de vin au bord de la piscine ou fl\u00e2nez dans les magnifiques environs. R\u00e9servez maintenant !\",\"breadcrumb\":{\"@id\":\"https:\\\/\\\/masdeslavandes.de\\\/fr\\\/#breadcrumb\"},\"inLanguage\":\"fr-FR\",\"potentialAction\":[{\"@type\":\"ReadAction\",\"target\":[\"https:\\\/\\\/masdeslavandes.de\\\/fr\\\/\"]}]},{\"@type\":\"BreadcrumbList\",\"@id\":\"https:\\\/\\\/masdeslavandes.de\\\/fr\\\/#breadcrumb\",\"itemListElement\":[{\"@type\":\"ListItem\",\"position\":1,\"name\":\"Startseite\",\"item\":\"https:\\\/\\\/masdeslavandes.de\\\/fr\\\/\"},{\"@type\":\"ListItem\",\"position\":2,\"name\":\"Home\"}]},{\"@type\":\"WebSite\",\"@id\":\"https:\\\/\\\/masdeslavandes.de\\\/fr\\\/#website\",\"url\":\"https:\\\/\\\/masdeslavandes.de\\\/fr\\\/\",\"name\":\"Mas des lavandes\",\"description\":\"Vacances en Provence fran\u00e7aise\",\"publisher\":{\"@id\":\"https:\\\/\\\/masdeslavandes.de\\\/fr\\\/#organization\"},\"potentialAction\":[{\"@type\":\"SearchAction\",\"target\":{\"@type\":\"EntryPoint\",\"urlTemplate\":\"https:\\\/\\\/masdeslavandes.de\\\/fr\\\/?s={search_term_string}\"},\"query-input\":{\"@type\":\"PropertyValueSpecification\",\"valueRequired\":true,\"valueName\":\"search_term_string\"}}],\"inLanguage\":\"fr-FR\"},{\"@type\":\"Organization\",\"@id\":\"https:\\\/\\\/masdeslavandes.de\\\/fr\\\/#organization\",\"name\":\"Ferienhaus Maison de cerisier\",\"url\":\"https:\\\/\\\/masdeslavandes.de\\\/fr\\\/\",\"logo\":{\"@type\":\"ImageObject\",\"inLanguage\":\"fr-FR\",\"@id\":\"https:\\\/\\\/masdeslavandes.de\\\/fr\\\/#\\\/schema\\\/logo\\\/image\\\/\",\"url\":\"https:\\\/\\\/masdeslavandes.de\\\/wp-content\\\/uploads\\\/2022\\\/07\\\/Logo_Mas_des_Lavendel_dark.png\",\"contentUrl\":\"https:\\\/\\\/masdeslavandes.de\\\/wp-content\\\/uploads\\\/2022\\\/07\\\/Logo_Mas_des_Lavendel_dark.png\",\"width\":544,\"height\":200,\"caption\":\"Ferienhaus Maison de cerisier\"},\"image\":{\"@id\":\"https:\\\/\\\/masdeslavandes.de\\\/fr\\\/#\\\/schema\\\/logo\\\/image\\\/\"}}]}<\/script>\n<!-- \/ Yoast SEO plugin. -->","yoast_head_json":{"title":"Mas des lavandes - Vacances en Provence fran\u00e7aise","description":"Notre villa situ\u00e9e en Provence fran\u00e7aise offre calme et repos. Profitez d'un verre de vin au bord de la piscine ou fl\u00e2nez dans les magnifiques environs. R\u00e9servez maintenant !","robots":{"index":"index","follow":"follow","max-snippet":"max-snippet:-1","max-image-preview":"max-image-preview:large","max-video-preview":"max-video-preview:-1"},"canonical":"https:\/\/masdeslavandes.de\/fr\/","og_locale":"fr_FR","og_type":"article","og_title":"Mas des lavandes - Vacances en Provence fran\u00e7aise","og_description":"Notre villa situ\u00e9e en Provence fran\u00e7aise offre calme et repos. Profitez d'un verre de vin au bord de la piscine ou fl\u00e2nez dans les magnifiques environs. R\u00e9servez maintenant !","og_url":"https:\/\/masdeslavandes.de\/fr\/","og_site_name":"Mas des lavandes","article_modified_time":"2024-03-05T13:39:49+00:00","twitter_card":"summary_large_image","twitter_misc":{"Dur\u00e9e de lecture estim\u00e9e":"3 minutes"},"schema":{"@context":"https:\/\/schema.org","@graph":[{"@type":"WebPage","@id":"https:\/\/masdeslavandes.de\/fr\/","url":"https:\/\/masdeslavandes.de\/fr\/","name":"Mas des lavandes - Vacances en Provence fran\u00e7aise","isPartOf":{"@id":"https:\/\/masdeslavandes.de\/fr\/#website"},"datePublished":"2018-09-05T07:49:56+00:00","dateModified":"2024-03-05T13:39:49+00:00","description":"Notre villa situ\u00e9e en Provence fran\u00e7aise offre calme et repos. Profitez d'un verre de vin au bord de la piscine ou fl\u00e2nez dans les magnifiques environs. R\u00e9servez maintenant !","breadcrumb":{"@id":"https:\/\/masdeslavandes.de\/fr\/#breadcrumb"},"inLanguage":"fr-FR","potentialAction":[{"@type":"ReadAction","target":["https:\/\/masdeslavandes.de\/fr\/"]}]},{"@type":"BreadcrumbList","@id":"https:\/\/masdeslavandes.de\/fr\/#breadcrumb","itemListElement":[{"@type":"ListItem","position":1,"name":"Startseite","item":"https:\/\/masdeslavandes.de\/fr\/"},{"@type":"ListItem","position":2,"name":"Home"}]},{"@type":"WebSite","@id":"https:\/\/masdeslavandes.de\/fr\/#website","url":"https:\/\/masdeslavandes.de\/fr\/","name":"Mas des lavandes","description":"Vacances en Provence fran\u00e7aise","publisher":{"@id":"https:\/\/masdeslavandes.de\/fr\/#organization"},"potentialAction":[{"@type":"SearchAction","target":{"@type":"EntryPoint","urlTemplate":"https:\/\/masdeslavandes.de\/fr\/?s={search_term_string}"},"query-input":{"@type":"PropertyValueSpecification","valueRequired":true,"valueName":"search_term_string"}}],"inLanguage":"fr-FR"},{"@type":"Organization","@id":"https:\/\/masdeslavandes.de\/fr\/#organization","name":"Ferienhaus Maison de cerisier","url":"https:\/\/masdeslavandes.de\/fr\/","logo":{"@type":"ImageObject","inLanguage":"fr-FR","@id":"https:\/\/masdeslavandes.de\/fr\/#\/schema\/logo\/image\/","url":"https:\/\/masdeslavandes.de\/wp-content\/uploads\/2022\/07\/Logo_Mas_des_Lavendel_dark.png","contentUrl":"https:\/\/masdeslavandes.de\/wp-content\/uploads\/2022\/07\/Logo_Mas_des_Lavendel_dark.png","width":544,"height":200,"caption":"Ferienhaus Maison de cerisier"},"image":{"@id":"https:\/\/masdeslavandes.de\/fr\/#\/schema\/logo\/image\/"}}]}},"_links":{"self":[{"href":"https:\/\/masdeslavandes.de\/fr\/wp-json\/wp\/v2\/pages\/7332","targetHints":{"allow":["GET"]}}],"collection":[{"href":"https:\/\/masdeslavandes.de\/fr\/wp-json\/wp\/v2\/pages"}],"about":[{"href":"https:\/\/masdeslavandes.de\/fr\/wp-json\/wp\/v2\/types\/page"}],"author":[{"embeddable":true,"href":"https:\/\/masdeslavandes.de\/fr\/wp-json\/wp\/v2\/users\/1"}],"replies":[{"embeddable":true,"href":"https:\/\/masdeslavandes.de\/fr\/wp-json\/wp\/v2\/comments?post=7332"}],"version-history":[{"count":11,"href":"https:\/\/masdeslavandes.de\/fr\/wp-json\/wp\/v2\/pages\/7332\/revisions"}],"predecessor-version":[{"id":7694,"href":"https:\/\/masdeslavandes.de\/fr\/wp-json\/wp\/v2\/pages\/7332\/revisions\/7694"}],"wp:attachment":[{"href":"https:\/\/masdeslavandes.de\/fr\/wp-json\/wp\/v2\/media?parent=7332"}],"curies":[{"name":"wp","href":"https:\/\/api.w.org\/{rel}","templated":true}]}}